{"id":349494,"date":"2024-10-31T13:58:48","date_gmt":"2024-10-31T12:58:48","guid":{"rendered":"https:\/\/www.arclite-shop.de\/produkt\/03-24153900\/"},"modified":"2026-04-18T10:05:16","modified_gmt":"2026-04-18T08:05:16","slug":"03-24153900","status":"publish","type":"product","link":"https:\/\/www.arclite-shop.de\/it\/produkt\/03-24153900\/","title":{"rendered":"Ballast - DynaVision Programmable Xtreme per CPO"},"content":{"rendered":"<p>Diese \u00fcberaus zuverl\u00e4ssigen und flexiblen elektronischen Betriebsger\u00e4te . f\u00fcr CPO-Lampen sparen dank integrierter Lichtsteuerung Energiekosten und.  senken aufgrund ihrer 80.000 Stunden langen Nutzlebenszeit und des . integrierten Schutzes gegen Blitzeinschl\u00e4ge auch die Wartungskosten. Die.  programmierbare DynaVision-Produktfamilie bildet die perfekte Grundlage.  f\u00fcr alle Lichtmanagement-L\u00f6sungen.<\/p>\n","protected":false},"excerpt":{"rendered":"<p>Diese \u00fcberaus zuverl\u00e4ssigen und flexiblen elektronischen Betriebsger\u00e4te . f\u00fcr CPO-Lampen sparen dank integrierter Lichtsteuerung Energiekosten und. senken aufgrund ihrer 80.000 Stunden langen Nutzlebenszeit und des . integrierten Schutzes gegen Blitzeinschl\u00e4ge auch die Wartungskosten. Die. programmierbare DynaVision-Produktfamilie bildet die perfekte Grundlage.<span class=\"excerpt-hellip\"> [\u2026]<\/span><\/p>\n","protected":false},"featured_media":367366,"template":"","meta":[],"product_brand":[],"product_cat":[84437],"product_tag":[],"class_list":{"0":"post-349494","1":"product","2":"type-product","3":"status-publish","4":"has-post-thumbnail","6":"product_cat-vorschaltgeraet-signify","8":"first","9":"instock","10":"taxable","11":"shipping-taxable","12":"product-type-simple"},"_links":{"self":[{"href":"https:\/\/www.arclite-shop.de\/it\/wp-json\/wp\/v2\/product\/349494","targetHints":{"allow":["GET"]}}],"collection":[{"href":"https:\/\/www.arclite-shop.de\/it\/wp-json\/wp\/v2\/product"}],"about":[{"href":"https:\/\/www.arclite-shop.de\/it\/wp-json\/wp\/v2\/types\/product"}],"wp:featuredmedia":[{"embeddable":true,"href":"https:\/\/www.arclite-shop.de\/it\/wp-json\/wp\/v2\/media\/367366"}],"wp:attachment":[{"href":"https:\/\/www.arclite-shop.de\/it\/wp-json\/wp\/v2\/media?parent=349494"}],"wp:term":[{"taxonomy":"product_brand","embeddable":true,"href":"https:\/\/www.arclite-shop.de\/it\/wp-json\/wp\/v2\/product_brand?post=349494"},{"taxonomy":"product_cat","embeddable":true,"href":"https:\/\/www.arclite-shop.de\/it\/wp-json\/wp\/v2\/product_cat?post=349494"},{"taxonomy":"product_tag","embeddable":true,"href":"https:\/\/www.arclite-shop.de\/it\/wp-json\/wp\/v2\/product_tag?post=349494"}],"curies":[{"name":"wp","href":"https:\/\/api.w.org\/{rel}","templated":true}]}}