{"id":349482,"date":"2024-10-31T13:58:43","date_gmt":"2024-10-31T12:58:43","guid":{"rendered":"https:\/\/www.arclite-shop.de\/produkt\/03-95449740\/"},"modified":"2026-04-18T10:05:42","modified_gmt":"2026-04-18T08:05:42","slug":"03-95449740","status":"publish","type":"product","link":"https:\/\/www.arclite-shop.de\/it\/produkt\/03-95449740\/","title":{"rendered":"TL-D Colorata - Lampada fluorescente - Prestazioni del sistema:  : 58.5 W"},"content":{"rendered":"<p>Mit farbigen TL-D Leuchtstofflampen k\u00f6nnen spezielle Farbeffekte in rot, gr\u00fcn, blau und gelb geschaffen werden. Neben einzelnen Farben kann durch Mix der verschiedenen Farben wei\u00dfes Licht geschaffen werden. Hohe Lichtstr\u00f6me werden durch Einsatz von &#8220;basic powders&#8221; erreicht. Anwendungsbereiche sind B\u00fchnenbeleuchtung, Schaufensterdekoration, Beleuchtung auf Festen, in Bars oder Diskotheken.<\/p>\n","protected":false},"excerpt":{"rendered":"<p>Mit farbigen TL-D Leuchtstofflampen k\u00f6nnen spezielle Farbeffekte in rot, gr\u00fcn, blau und gelb geschaffen werden. Neben einzelnen Farben kann durch Mix der verschiedenen Farben wei\u00dfes Licht geschaffen werden. Hohe Lichtstr\u00f6me werden durch Einsatz von &#8220;basic powders&#8221; erreicht. Anwendungsbereiche sind B\u00fchnenbeleuchtung,<span class=\"excerpt-hellip\"> [\u2026]<\/span><\/p>\n","protected":false},"featured_media":367380,"template":"","meta":[],"product_brand":[],"product_cat":[84417],"product_tag":[],"class_list":{"0":"post-349482","1":"product","2":"type-product","3":"status-publish","4":"has-post-thumbnail","6":"product_cat-leuchtstofflampe","8":"first","9":"instock","10":"taxable","11":"shipping-taxable","12":"product-type-simple"},"_links":{"self":[{"href":"https:\/\/www.arclite-shop.de\/it\/wp-json\/wp\/v2\/product\/349482","targetHints":{"allow":["GET"]}}],"collection":[{"href":"https:\/\/www.arclite-shop.de\/it\/wp-json\/wp\/v2\/product"}],"about":[{"href":"https:\/\/www.arclite-shop.de\/it\/wp-json\/wp\/v2\/types\/product"}],"wp:featuredmedia":[{"embeddable":true,"href":"https:\/\/www.arclite-shop.de\/it\/wp-json\/wp\/v2\/media\/367380"}],"wp:attachment":[{"href":"https:\/\/www.arclite-shop.de\/it\/wp-json\/wp\/v2\/media?parent=349482"}],"wp:term":[{"taxonomy":"product_brand","embeddable":true,"href":"https:\/\/www.arclite-shop.de\/it\/wp-json\/wp\/v2\/product_brand?post=349482"},{"taxonomy":"product_cat","embeddable":true,"href":"https:\/\/www.arclite-shop.de\/it\/wp-json\/wp\/v2\/product_cat?post=349482"},{"taxonomy":"product_tag","embeddable":true,"href":"https:\/\/www.arclite-shop.de\/it\/wp-json\/wp\/v2\/product_tag?post=349482"}],"curies":[{"name":"wp","href":"https:\/\/api.w.org\/{rel}","templated":true}]}}