{"id":349466,"date":"2024-10-31T13:58:35","date_gmt":"2024-10-31T12:58:35","guid":{"rendered":"https:\/\/www.arclite-shop.de\/produkt\/03-95098727\/"},"modified":"2026-04-18T10:06:16","modified_gmt":"2026-04-18T08:06:16","slug":"03-95098727","status":"publish","type":"product","link":"https:\/\/www.arclite-shop.de\/it\/produkt\/03-95098727\/","title":{"rendered":"Blacklight TL Mini - Lampada UV - Alimentazione del sistema: 6,0 W"},"content":{"rendered":"<p>Die Schwarzlicht TL-Mini mit 16 mm R\u00f6hrendurchmesser besteht aus schwarzlichtblauem (dunkelblauem) Glas, das f\u00fcr UVA-Strahlung durchl\u00e4ssig ist, praktisch aber kein sichtbares Licht passieren l\u00e4sst. Sie eignet sich deshalb ideal f\u00fcr eine schnelle \u00dcberpr\u00fcfung UV-reflektierender Materialien. Insbesondere dient sie zu Analysezwecken in unterschiedlichen Bereichen und erlaubt die Schaffung von Spezialeffekten in der Unterhaltungsbranche.<\/p>\n","protected":false},"excerpt":{"rendered":"<p>Die Schwarzlicht TL-Mini mit 16 mm R\u00f6hrendurchmesser besteht aus schwarzlichtblauem (dunkelblauem) Glas, das f\u00fcr UVA-Strahlung durchl\u00e4ssig ist, praktisch aber kein sichtbares Licht passieren l\u00e4sst. Sie eignet sich deshalb ideal f\u00fcr eine schnelle \u00dcberpr\u00fcfung UV-reflektierender Materialien. Insbesondere dient sie zu Analysezwecken<span class=\"excerpt-hellip\"> [\u2026]<\/span><\/p>\n","protected":false},"featured_media":367390,"template":"","meta":[],"product_brand":[],"product_cat":[84340],"product_tag":[],"class_list":{"0":"post-349466","1":"product","2":"type-product","3":"status-publish","4":"has-post-thumbnail","6":"product_cat-uv-lampe","8":"first","9":"instock","10":"taxable","11":"shipping-taxable","12":"product-type-simple"},"_links":{"self":[{"href":"https:\/\/www.arclite-shop.de\/it\/wp-json\/wp\/v2\/product\/349466","targetHints":{"allow":["GET"]}}],"collection":[{"href":"https:\/\/www.arclite-shop.de\/it\/wp-json\/wp\/v2\/product"}],"about":[{"href":"https:\/\/www.arclite-shop.de\/it\/wp-json\/wp\/v2\/types\/product"}],"wp:featuredmedia":[{"embeddable":true,"href":"https:\/\/www.arclite-shop.de\/it\/wp-json\/wp\/v2\/media\/367390"}],"wp:attachment":[{"href":"https:\/\/www.arclite-shop.de\/it\/wp-json\/wp\/v2\/media?parent=349466"}],"wp:term":[{"taxonomy":"product_brand","embeddable":true,"href":"https:\/\/www.arclite-shop.de\/it\/wp-json\/wp\/v2\/product_brand?post=349466"},{"taxonomy":"product_cat","embeddable":true,"href":"https:\/\/www.arclite-shop.de\/it\/wp-json\/wp\/v2\/product_cat?post=349466"},{"taxonomy":"product_tag","embeddable":true,"href":"https:\/\/www.arclite-shop.de\/it\/wp-json\/wp\/v2\/product_tag?post=349466"}],"curies":[{"name":"wp","href":"https:\/\/api.w.org\/{rel}","templated":true}]}}