{"id":349458,"date":"2024-10-31T13:58:32","date_gmt":"2024-10-31T12:58:32","guid":{"rendered":"https:\/\/www.arclite-shop.de\/produkt\/03-26137340\/"},"modified":"2026-04-18T10:06:34","modified_gmt":"2026-04-18T08:06:34","slug":"03-26137340","status":"publish","type":"product","link":"https:\/\/www.arclite-shop.de\/it\/produkt\/03-26137340\/","title":{"rendered":"TL-X XL - Lampada fluorescente - Potenza del sistema: 40,0 W - Classe di efficienza energetica: G - Temperatura di colore pi\u00f9 simile (Nom): 4000 K"},"content":{"rendered":"<p>TL-X XL mit 38 mm R\u00f6hrendurchmesser hat eine verl\u00e4ngerte Nutzlebensdauer und ist mit einem internen Z\u00fcndstreifen f\u00fcr elektromagnetische starterlose Anwendungen oder Hochfrequenz-Anwendungen ohne Warmstart ausgestattet. Kombiniert mit einer speziellen Lampenfassung kann jegliche Funkenbildung w\u00e4hrend der Z\u00fcndung ausgeschlossen werden.<\/p>\n","protected":false},"excerpt":{"rendered":"<p>TL-X XL mit 38 mm R\u00f6hrendurchmesser hat eine verl\u00e4ngerte Nutzlebensdauer und ist mit einem internen Z\u00fcndstreifen f\u00fcr elektromagnetische starterlose Anwendungen oder Hochfrequenz-Anwendungen ohne Warmstart ausgestattet. Kombiniert mit einer speziellen Lampenfassung kann jegliche Funkenbildung w\u00e4hrend der Z\u00fcndung ausgeschlossen werden.<\/p>\n","protected":false},"featured_media":367394,"template":"","meta":[],"product_brand":[],"product_cat":[84417],"product_tag":[],"class_list":{"0":"post-349458","1":"product","2":"type-product","3":"status-publish","4":"has-post-thumbnail","6":"product_cat-leuchtstofflampe","8":"first","9":"outofstock","10":"taxable","11":"shipping-taxable","12":"product-type-simple"},"_links":{"self":[{"href":"https:\/\/www.arclite-shop.de\/it\/wp-json\/wp\/v2\/product\/349458","targetHints":{"allow":["GET"]}}],"collection":[{"href":"https:\/\/www.arclite-shop.de\/it\/wp-json\/wp\/v2\/product"}],"about":[{"href":"https:\/\/www.arclite-shop.de\/it\/wp-json\/wp\/v2\/types\/product"}],"wp:featuredmedia":[{"embeddable":true,"href":"https:\/\/www.arclite-shop.de\/it\/wp-json\/wp\/v2\/media\/367394"}],"wp:attachment":[{"href":"https:\/\/www.arclite-shop.de\/it\/wp-json\/wp\/v2\/media?parent=349458"}],"wp:term":[{"taxonomy":"product_brand","embeddable":true,"href":"https:\/\/www.arclite-shop.de\/it\/wp-json\/wp\/v2\/product_brand?post=349458"},{"taxonomy":"product_cat","embeddable":true,"href":"https:\/\/www.arclite-shop.de\/it\/wp-json\/wp\/v2\/product_cat?post=349458"},{"taxonomy":"product_tag","embeddable":true,"href":"https:\/\/www.arclite-shop.de\/it\/wp-json\/wp\/v2\/product_tag?post=349458"}],"curies":[{"name":"wp","href":"https:\/\/api.w.org\/{rel}","templated":true}]}}