{"id":349453,"date":"2024-10-31T13:58:29","date_gmt":"2024-10-31T12:58:29","guid":{"rendered":"https:\/\/www.arclite-shop.de\/produkt\/03-55968515\/"},"modified":"2026-04-18T10:07:14","modified_gmt":"2026-04-18T08:07:14","slug":"03-55968515","status":"publish","type":"product","link":"https:\/\/www.arclite-shop.de\/it\/produkt\/03-55968515\/","title":{"rendered":"MASTER TL-E Circular - Lampada fluorescente - Potenza del sistema: 32,8 W - Classe di efficienza energetica: G - Temperatura di colore pi\u00f9 simile (Nom): 4000 K"},"content":{"rendered":"<p>Die ringf\u00f6rmige MASTER TL-E Circular mit 29 mm R\u00f6hrendurchmesser erm\u00f6glicht eine omnidirektionale Lichtverteilung.<\/p>\n","protected":false},"excerpt":{"rendered":"<p>Die ringf\u00f6rmige MASTER TL-E Circular mit 29 mm R\u00f6hrendurchmesser erm\u00f6glicht eine omnidirektionale Lichtverteilung.<\/p>\n","protected":false},"featured_media":367396,"template":"","meta":[],"product_brand":[],"product_cat":[84417],"product_tag":[],"class_list":{"0":"post-349453","1":"product","2":"type-product","3":"status-publish","4":"has-post-thumbnail","6":"product_cat-leuchtstofflampe","8":"first","9":"outofstock","10":"taxable","11":"shipping-taxable","12":"product-type-simple"},"_links":{"self":[{"href":"https:\/\/www.arclite-shop.de\/it\/wp-json\/wp\/v2\/product\/349453","targetHints":{"allow":["GET"]}}],"collection":[{"href":"https:\/\/www.arclite-shop.de\/it\/wp-json\/wp\/v2\/product"}],"about":[{"href":"https:\/\/www.arclite-shop.de\/it\/wp-json\/wp\/v2\/types\/product"}],"wp:featuredmedia":[{"embeddable":true,"href":"https:\/\/www.arclite-shop.de\/it\/wp-json\/wp\/v2\/media\/367396"}],"wp:attachment":[{"href":"https:\/\/www.arclite-shop.de\/it\/wp-json\/wp\/v2\/media?parent=349453"}],"wp:term":[{"taxonomy":"product_brand","embeddable":true,"href":"https:\/\/www.arclite-shop.de\/it\/wp-json\/wp\/v2\/product_brand?post=349453"},{"taxonomy":"product_cat","embeddable":true,"href":"https:\/\/www.arclite-shop.de\/it\/wp-json\/wp\/v2\/product_cat?post=349453"},{"taxonomy":"product_tag","embeddable":true,"href":"https:\/\/www.arclite-shop.de\/it\/wp-json\/wp\/v2\/product_tag?post=349453"}],"curies":[{"name":"wp","href":"https:\/\/api.w.org\/{rel}","templated":true}]}}