{"id":349442,"date":"2024-10-31T13:58:23","date_gmt":"2024-10-31T12:58:23","guid":{"rendered":"https:\/\/www.arclite-shop.de\/produkt\/03-41027650\/"},"modified":"2026-04-18T10:07:40","modified_gmt":"2026-04-18T08:07:40","slug":"03-41027650","status":"publish","type":"product","link":"https:\/\/www.arclite-shop.de\/it\/produkt\/03-41027650\/","title":{"rendered":"Speciale alogeno - Lampada da studio, proiezione e fotolampada - Potenza di sistema: 10 W - Temperatura colore pi\u00f9 simile (Nom): 3200 K"},"content":{"rendered":"<p>Halogenlampen schaffen ein behagliches, warmwei\u00dfes Licht und behalten ihre Lichtausbeute w\u00e4hrend ihrer gesamten Lebensdauer. Zudem sind sie leicht zu installieren, ersetzen und bedienen. Dem reibungslosen Einsatz in der Medienproduktion und -pr\u00e4sentation steht nichts im Weg.<\/p>\n","protected":false},"excerpt":{"rendered":"<p>Halogenlampen schaffen ein behagliches, warmwei\u00dfes Licht und behalten ihre Lichtausbeute w\u00e4hrend ihrer gesamten Lebensdauer. Zudem sind sie leicht zu installieren, ersetzen und bedienen. Dem reibungslosen Einsatz in der Medienproduktion und -pr\u00e4sentation steht nichts im Weg.<\/p>\n","protected":false},"featured_media":367408,"template":"","meta":[],"product_brand":[],"product_cat":[84339,84338],"product_tag":[],"class_list":{"0":"post-349442","1":"product","2":"type-product","3":"status-publish","4":"has-post-thumbnail","6":"product_cat-projektions-und-fotolampe","7":"product_cat-studio","9":"first","10":"instock","11":"taxable","12":"shipping-taxable","13":"product-type-simple"},"_links":{"self":[{"href":"https:\/\/www.arclite-shop.de\/it\/wp-json\/wp\/v2\/product\/349442","targetHints":{"allow":["GET"]}}],"collection":[{"href":"https:\/\/www.arclite-shop.de\/it\/wp-json\/wp\/v2\/product"}],"about":[{"href":"https:\/\/www.arclite-shop.de\/it\/wp-json\/wp\/v2\/types\/product"}],"wp:featuredmedia":[{"embeddable":true,"href":"https:\/\/www.arclite-shop.de\/it\/wp-json\/wp\/v2\/media\/367408"}],"wp:attachment":[{"href":"https:\/\/www.arclite-shop.de\/it\/wp-json\/wp\/v2\/media?parent=349442"}],"wp:term":[{"taxonomy":"product_brand","embeddable":true,"href":"https:\/\/www.arclite-shop.de\/it\/wp-json\/wp\/v2\/product_brand?post=349442"},{"taxonomy":"product_cat","embeddable":true,"href":"https:\/\/www.arclite-shop.de\/it\/wp-json\/wp\/v2\/product_cat?post=349442"},{"taxonomy":"product_tag","embeddable":true,"href":"https:\/\/www.arclite-shop.de\/it\/wp-json\/wp\/v2\/product_tag?post=349442"}],"curies":[{"name":"wp","href":"https:\/\/api.w.org\/{rel}","templated":true}]}}