{"id":349229,"date":"2024-10-31T13:56:36","date_gmt":"2024-10-31T12:56:36","guid":{"rendered":"https:\/\/www.arclite-shop.de\/produkt\/03-18040100\/"},"modified":"2026-04-18T10:18:15","modified_gmt":"2026-04-18T08:18:15","slug":"03-18040100","status":"publish","type":"product","link":"https:\/\/www.arclite-shop.de\/it\/produkt\/03-18040100\/","title":{"rendered":"MASTER SON PIA Plus - Lampada a vapore di sodio ad alta pressione - Consumo energetico: 72,0 W - Classe di efficienza energetica: G"},"content":{"rendered":"<p>MASTER SON PIA Plus ist eine hochwertige Hochdrucknatriumdampflampe mit PIA-Technologie f\u00fcr eine zuverl\u00e4ssige Au\u00dfenbeleuchtung.<\/p>\n","protected":false},"excerpt":{"rendered":"<p>MASTER SON PIA Plus ist eine hochwertige Hochdrucknatriumdampflampe mit PIA-Technologie f\u00fcr eine zuverl\u00e4ssige Au\u00dfenbeleuchtung.<\/p>\n","protected":false},"featured_media":367524,"template":"","meta":[],"product_brand":[],"product_cat":[84219],"product_tag":[],"class_list":{"0":"post-349229","1":"product","2":"type-product","3":"status-publish","4":"has-post-thumbnail","6":"product_cat-natriumdampf-hochdrucklampe","8":"first","9":"outofstock","10":"taxable","11":"shipping-taxable","12":"product-type-simple"},"_links":{"self":[{"href":"https:\/\/www.arclite-shop.de\/it\/wp-json\/wp\/v2\/product\/349229","targetHints":{"allow":["GET"]}}],"collection":[{"href":"https:\/\/www.arclite-shop.de\/it\/wp-json\/wp\/v2\/product"}],"about":[{"href":"https:\/\/www.arclite-shop.de\/it\/wp-json\/wp\/v2\/types\/product"}],"wp:featuredmedia":[{"embeddable":true,"href":"https:\/\/www.arclite-shop.de\/it\/wp-json\/wp\/v2\/media\/367524"}],"wp:attachment":[{"href":"https:\/\/www.arclite-shop.de\/it\/wp-json\/wp\/v2\/media?parent=349229"}],"wp:term":[{"taxonomy":"product_brand","embeddable":true,"href":"https:\/\/www.arclite-shop.de\/it\/wp-json\/wp\/v2\/product_brand?post=349229"},{"taxonomy":"product_cat","embeddable":true,"href":"https:\/\/www.arclite-shop.de\/it\/wp-json\/wp\/v2\/product_cat?post=349229"},{"taxonomy":"product_tag","embeddable":true,"href":"https:\/\/www.arclite-shop.de\/it\/wp-json\/wp\/v2\/product_tag?post=349229"}],"curies":[{"name":"wp","href":"https:\/\/api.w.org\/{rel}","templated":true}]}}