{"id":349225,"date":"2024-10-31T13:56:34","date_gmt":"2024-10-31T12:56:34","guid":{"rendered":"https:\/\/www.arclite-shop.de\/produkt\/03-16776200\/"},"modified":"2026-04-18T10:18:25","modified_gmt":"2026-04-18T08:18:25","slug":"03-16776200","status":"publish","type":"product","link":"https:\/\/www.arclite-shop.de\/it\/produkt\/03-16776200\/","title":{"rendered":"Accessori - Accessori\/pezzi di ricambio per driver e moduli LED - Consumo energetico: 40 W"},"content":{"rendered":"<p>Die neuen, dekorativen Kabel mit E27 Fassung erm\u00f6glichen ein neues Beleuchtungserlebnis, bei der das Leuchtmittel im Mittelpunkt steht. Kombiniert mit der Philips Classic LEDbulb Deko-Kollektion oder den Philips Classic LEDbulb im Retrolook erzeugen Sie eine Atmosph\u00e4re ganz nach dem aktuellen Industriell-Einrichtungstrend. Das mit Stoff ummantelte Kabel hat eine Gesamtl\u00e4nge von 2 Meter, welches verk\u00fcrzt werden kann. Der schwarze, mattierte Baldachin und die E27 Fassung sind aus hochwertigem Metall verarbeitet. Die E27 Fassung ist in drei Farben erh\u00e4ltlich: Schwarz, Ros\u00e9 und Gold.<\/p>\n","protected":false},"excerpt":{"rendered":"<p>Die neuen, dekorativen Kabel mit E27 Fassung erm\u00f6glichen ein neues Beleuchtungserlebnis, bei der das Leuchtmittel im Mittelpunkt steht. Kombiniert mit der Philips Classic LEDbulb Deko-Kollektion oder den Philips Classic LEDbulb im Retrolook erzeugen Sie eine Atmosph\u00e4re ganz nach dem aktuellen<span class=\"excerpt-hellip\"> [\u2026]<\/span><\/p>\n","protected":false},"featured_media":359109,"template":"","meta":[],"product_brand":[],"product_cat":[84217],"product_tag":[],"class_list":{"0":"post-349225","1":"product","2":"type-product","3":"status-publish","4":"has-post-thumbnail","6":"product_cat-zubehoer-ersatzteile-fuer-led-betriebsgeraete-und-module-signify","8":"first","9":"instock","10":"taxable","11":"shipping-taxable","12":"product-type-simple"},"_links":{"self":[{"href":"https:\/\/www.arclite-shop.de\/it\/wp-json\/wp\/v2\/product\/349225","targetHints":{"allow":["GET"]}}],"collection":[{"href":"https:\/\/www.arclite-shop.de\/it\/wp-json\/wp\/v2\/product"}],"about":[{"href":"https:\/\/www.arclite-shop.de\/it\/wp-json\/wp\/v2\/types\/product"}],"wp:featuredmedia":[{"embeddable":true,"href":"https:\/\/www.arclite-shop.de\/it\/wp-json\/wp\/v2\/media\/359109"}],"wp:attachment":[{"href":"https:\/\/www.arclite-shop.de\/it\/wp-json\/wp\/v2\/media?parent=349225"}],"wp:term":[{"taxonomy":"product_brand","embeddable":true,"href":"https:\/\/www.arclite-shop.de\/it\/wp-json\/wp\/v2\/product_brand?post=349225"},{"taxonomy":"product_cat","embeddable":true,"href":"https:\/\/www.arclite-shop.de\/it\/wp-json\/wp\/v2\/product_cat?post=349225"},{"taxonomy":"product_tag","embeddable":true,"href":"https:\/\/www.arclite-shop.de\/it\/wp-json\/wp\/v2\/product_tag?post=349225"}],"curies":[{"name":"wp","href":"https:\/\/api.w.org\/{rel}","templated":true}]}}