{"id":349210,"date":"2024-10-31T13:56:26","date_gmt":"2024-10-31T12:56:26","guid":{"rendered":"https:\/\/www.arclite-shop.de\/produkt\/03-45199500\/"},"modified":"2026-04-18T10:19:38","modified_gmt":"2026-04-18T08:19:38","slug":"03-45199500","status":"publish","type":"product","link":"https:\/\/www.arclite-shop.de\/it\/produkt\/03-45199500\/","title":{"rendered":"TrueForce MAS LED HPL - Lampada LED\/Multi-LED - Potenza di sistema: 24 W - Classe di efficienza energetica: C - Temperatura di colore pi\u00f9 simile (Nom): 4000 K"},"content":{"rendered":"<p>Die Philips MAS LED HPL f\u00fcr die Stra\u00dfenbeleuchtung bietet eine einfache und sich schnell amortisierende LED-L\u00f6sung f\u00fcr den Austausch von HPL und SON Lampen. Der Betrieb der MAS LED HPL ist direkt an 220-240V Netzspannug &#8211; durch das Umgehen des Vorschaltger\u00e4ts k\u00f6nnen noch gr\u00f6\u00dfere Energieersparnisse realisiert werden.<\/p>\n","protected":false},"excerpt":{"rendered":"<p>Die Philips MAS LED HPL f\u00fcr die Stra\u00dfenbeleuchtung bietet eine einfache und sich schnell amortisierende LED-L\u00f6sung f\u00fcr den Austausch von HPL und SON Lampen. Der Betrieb der MAS LED HPL ist direkt an 220-240V Netzspannug &#8211; durch das Umgehen des<span class=\"excerpt-hellip\"> [\u2026]<\/span><\/p>\n","protected":false},"featured_media":367552,"template":"","meta":[],"product_brand":[],"product_cat":[83758],"product_tag":[],"class_list":{"0":"post-349210","1":"product","2":"type-product","3":"status-publish","4":"has-post-thumbnail","6":"product_cat-led-lampe-multi-led-signify","8":"first","9":"instock","10":"taxable","11":"shipping-taxable","12":"product-type-simple"},"_links":{"self":[{"href":"https:\/\/www.arclite-shop.de\/it\/wp-json\/wp\/v2\/product\/349210","targetHints":{"allow":["GET"]}}],"collection":[{"href":"https:\/\/www.arclite-shop.de\/it\/wp-json\/wp\/v2\/product"}],"about":[{"href":"https:\/\/www.arclite-shop.de\/it\/wp-json\/wp\/v2\/types\/product"}],"wp:featuredmedia":[{"embeddable":true,"href":"https:\/\/www.arclite-shop.de\/it\/wp-json\/wp\/v2\/media\/367552"}],"wp:attachment":[{"href":"https:\/\/www.arclite-shop.de\/it\/wp-json\/wp\/v2\/media?parent=349210"}],"wp:term":[{"taxonomy":"product_brand","embeddable":true,"href":"https:\/\/www.arclite-shop.de\/it\/wp-json\/wp\/v2\/product_brand?post=349210"},{"taxonomy":"product_cat","embeddable":true,"href":"https:\/\/www.arclite-shop.de\/it\/wp-json\/wp\/v2\/product_cat?post=349210"},{"taxonomy":"product_tag","embeddable":true,"href":"https:\/\/www.arclite-shop.de\/it\/wp-json\/wp\/v2\/product_tag?post=349210"}],"curies":[{"name":"wp","href":"https:\/\/api.w.org\/{rel}","templated":true}]}}