{"id":349181,"date":"2024-10-31T13:56:13","date_gmt":"2024-10-31T12:56:13","guid":{"rendered":"https:\/\/www.arclite-shop.de\/produkt\/03-34794600\/"},"modified":"2026-04-18T10:21:09","modified_gmt":"2026-04-18T08:21:09","slug":"03-34794600","status":"publish","type":"product","link":"https:\/\/www.arclite-shop.de\/it\/produkt\/03-34794600\/","title":{"rendered":"Lampadine LED in vetro MASTER Value - Lampada LED\/Multi-LED - Consumo energetico: 11,2 W - Classe di efficienza energetica: D"},"content":{"rendered":"<p>Diese LED-Filament-Gl\u00fchlampen mit klassischem Design kombinieren die vertrauten Formen von Gl\u00fchfaden-Glaskolben mit den Vorteilen der langlebigen LED-Technologie. Diese MASTER Value Glass LED-Gl\u00fchlampen aus Glas bieten mehr Energieeinsparungen als normale Glas-LED-Lampen. Gleichzeitig bieten sie den Kunden ein gutes Lichterlebnis, das durch die hervorragende Dimmleistung (dimmbare Glas-LED-Lampen) noch verst\u00e4rkt wird. MASTER Value Glass LED-Lampen bieten erhebliche Energieeinsparungen, da sie im Vergleich zu normalen LED-Lampen 30% weniger Energie verbrauchen und eine hervorragende Lichtqualit\u00e4t bieten. Mit einer Lebensdauer von 15.000 Stunden sorgen diese dimmbaren LED-Gl\u00fchlampen auch f\u00fcr niedrigere Wartungskosten.<\/p>\n","protected":false},"excerpt":{"rendered":"<p>Diese LED-Filament-Gl\u00fchlampen mit klassischem Design kombinieren die vertrauten Formen von Gl\u00fchfaden-Glaskolben mit den Vorteilen der langlebigen LED-Technologie. Diese MASTER Value Glass LED-Gl\u00fchlampen aus Glas bieten mehr Energieeinsparungen als normale Glas-LED-Lampen. Gleichzeitig bieten sie den Kunden ein gutes Lichterlebnis, das durch<span class=\"excerpt-hellip\"> [\u2026]<\/span><\/p>\n","protected":false},"featured_media":367546,"template":"","meta":[],"product_brand":[],"product_cat":[83758],"product_tag":[],"class_list":{"0":"post-349181","1":"product","2":"type-product","3":"status-publish","4":"has-post-thumbnail","6":"product_cat-led-lampe-multi-led-signify","8":"first","9":"outofstock","10":"taxable","11":"shipping-taxable","12":"product-type-simple"},"_links":{"self":[{"href":"https:\/\/www.arclite-shop.de\/it\/wp-json\/wp\/v2\/product\/349181","targetHints":{"allow":["GET"]}}],"collection":[{"href":"https:\/\/www.arclite-shop.de\/it\/wp-json\/wp\/v2\/product"}],"about":[{"href":"https:\/\/www.arclite-shop.de\/it\/wp-json\/wp\/v2\/types\/product"}],"wp:featuredmedia":[{"embeddable":true,"href":"https:\/\/www.arclite-shop.de\/it\/wp-json\/wp\/v2\/media\/367546"}],"wp:attachment":[{"href":"https:\/\/www.arclite-shop.de\/it\/wp-json\/wp\/v2\/media?parent=349181"}],"wp:term":[{"taxonomy":"product_brand","embeddable":true,"href":"https:\/\/www.arclite-shop.de\/it\/wp-json\/wp\/v2\/product_brand?post=349181"},{"taxonomy":"product_cat","embeddable":true,"href":"https:\/\/www.arclite-shop.de\/it\/wp-json\/wp\/v2\/product_cat?post=349181"},{"taxonomy":"product_tag","embeddable":true,"href":"https:\/\/www.arclite-shop.de\/it\/wp-json\/wp\/v2\/product_tag?post=349181"}],"curies":[{"name":"wp","href":"https:\/\/api.w.org\/{rel}","templated":true}]}}