{"id":349177,"date":"2024-10-31T13:56:10","date_gmt":"2024-10-31T12:56:10","guid":{"rendered":"https:\/\/www.arclite-shop.de\/produkt\/03-44951000\/"},"modified":"2026-04-18T10:22:09","modified_gmt":"2026-04-18T08:22:09","slug":"03-44951000","status":"publish","type":"product","link":"https:\/\/www.arclite-shop.de\/it\/produkt\/03-44951000\/","title":{"rendered":"Lampade LED MASTER GLASS a forma di candela e goccia - Lampada LED\/Multi-LED - Potenza del sistema: 3,4 W - Classe di efficienza energetica: D"},"content":{"rendered":"<p>Mit ihrem typisch klassischen Design kombinieren diese  LED-Gl\u00fchfaden-Lampen die vertrauten Formen von Kerzen- und Tropfenformlampen mit den Vorteilen der langlebigen LED-Technologie. Das Produkt eignet sich ideal, um den Kunden eine gem\u00fctliche Atmosph\u00e4re zu bieten. Die MASTER LED-Lampen in Kerzen- und Tropfenform k\u00f6nnen auf verschiedene Lichtst\u00e4rken und auch auf verschiedene Farbtemperaturen gedimmt werden. MASTER Value Glass LED-Kerzen und Tropfenformlampen bieten erhebliche Energieeinsparungen, da sie im Vergleich zu normalen LED-Kerzen aus Glas 30 % weniger Energie verbrauchen und eine ausgezeichnete Lichtqualit\u00e4t bieten. Mit einer Lebensdauer von 15.000 Stunden verringern diese dimmbaren LED-Kerzen und  Tropfenformlampen auch die Wartungskosten.<\/p>\n","protected":false},"excerpt":{"rendered":"<p>Mit ihrem typisch klassischen Design kombinieren diese LED-Gl\u00fchfaden-Lampen die vertrauten Formen von Kerzen- und Tropfenformlampen mit den Vorteilen der langlebigen LED-Technologie. Das Produkt eignet sich ideal, um den Kunden eine gem\u00fctliche Atmosph\u00e4re zu bieten. Die MASTER LED-Lampen in Kerzen- und<span class=\"excerpt-hellip\"> [\u2026]<\/span><\/p>\n","protected":false},"featured_media":367576,"template":"","meta":[],"product_brand":[],"product_cat":[83758],"product_tag":[],"class_list":{"0":"post-349177","1":"product","2":"type-product","3":"status-publish","4":"has-post-thumbnail","6":"product_cat-led-lampe-multi-led-signify","8":"first","9":"instock","10":"taxable","11":"shipping-taxable","12":"product-type-simple"},"_links":{"self":[{"href":"https:\/\/www.arclite-shop.de\/it\/wp-json\/wp\/v2\/product\/349177","targetHints":{"allow":["GET"]}}],"collection":[{"href":"https:\/\/www.arclite-shop.de\/it\/wp-json\/wp\/v2\/product"}],"about":[{"href":"https:\/\/www.arclite-shop.de\/it\/wp-json\/wp\/v2\/types\/product"}],"wp:featuredmedia":[{"embeddable":true,"href":"https:\/\/www.arclite-shop.de\/it\/wp-json\/wp\/v2\/media\/367576"}],"wp:attachment":[{"href":"https:\/\/www.arclite-shop.de\/it\/wp-json\/wp\/v2\/media?parent=349177"}],"wp:term":[{"taxonomy":"product_brand","embeddable":true,"href":"https:\/\/www.arclite-shop.de\/it\/wp-json\/wp\/v2\/product_brand?post=349177"},{"taxonomy":"product_cat","embeddable":true,"href":"https:\/\/www.arclite-shop.de\/it\/wp-json\/wp\/v2\/product_cat?post=349177"},{"taxonomy":"product_tag","embeddable":true,"href":"https:\/\/www.arclite-shop.de\/it\/wp-json\/wp\/v2\/product_tag?post=349177"}],"curies":[{"name":"wp","href":"https:\/\/api.w.org\/{rel}","templated":true}]}}