{"id":349159,"date":"2024-10-31T13:56:03","date_gmt":"2024-10-31T12:56:03","guid":{"rendered":"https:\/\/www.arclite-shop.de\/produkt\/03-31553200\/"},"modified":"2026-04-18T10:22:48","modified_gmt":"2026-04-18T08:22:48","slug":"03-31553200","status":"publish","type":"product","link":"https:\/\/www.arclite-shop.de\/it\/produkt\/03-31553200\/","title":{"rendered":"Lampadine LED decorative MASTER Value - Lampada LED\/Multi-LED - Potenza di sistema: 4 W - Temperatura di colore pi\u00f9 simile (Nom): 1800 K"},"content":{"rendered":"<p>Die neue Deko-Kollektion transformiert Ihr Zuhause in ein sch\u00f6nes Ambiente, mit einer perfekten Mischung aus (warm-) wei\u00dfem Licht und einem schlanken, minimalistischen Beleuchtungserlebnis. Mit einer sehr langen Nutzlebensdauer, bis zu 90 % Energieeinsparung, keinem sichtbaren Flackern und sofortiger voller Helligkeit kommen Sie zudem in den Genuss eines weichen und gleichm\u00e4\u00dfig verteilten Lichts, das einen trendigen und stilvollen Charme ausstrahlt und im Heimbereich f\u00fcr einladende Harmonie sorgt.<\/p>\n","protected":false},"excerpt":{"rendered":"<p>Die neue Deko-Kollektion transformiert Ihr Zuhause in ein sch\u00f6nes Ambiente, mit einer perfekten Mischung aus (warm-) wei\u00dfem Licht und einem schlanken, minimalistischen Beleuchtungserlebnis. Mit einer sehr langen Nutzlebensdauer, bis zu 90 % Energieeinsparung, keinem sichtbaren Flackern und sofortiger voller Helligkeit<span class=\"excerpt-hellip\"> [\u2026]<\/span><\/p>\n","protected":false},"featured_media":367596,"template":"","meta":[],"product_brand":[],"product_cat":[83758],"product_tag":[],"class_list":{"0":"post-349159","1":"product","2":"type-product","3":"status-publish","4":"has-post-thumbnail","6":"product_cat-led-lampe-multi-led-signify","8":"first","9":"instock","10":"taxable","11":"shipping-taxable","12":"product-type-simple"},"_links":{"self":[{"href":"https:\/\/www.arclite-shop.de\/it\/wp-json\/wp\/v2\/product\/349159","targetHints":{"allow":["GET"]}}],"collection":[{"href":"https:\/\/www.arclite-shop.de\/it\/wp-json\/wp\/v2\/product"}],"about":[{"href":"https:\/\/www.arclite-shop.de\/it\/wp-json\/wp\/v2\/types\/product"}],"wp:featuredmedia":[{"embeddable":true,"href":"https:\/\/www.arclite-shop.de\/it\/wp-json\/wp\/v2\/media\/367596"}],"wp:attachment":[{"href":"https:\/\/www.arclite-shop.de\/it\/wp-json\/wp\/v2\/media?parent=349159"}],"wp:term":[{"taxonomy":"product_brand","embeddable":true,"href":"https:\/\/www.arclite-shop.de\/it\/wp-json\/wp\/v2\/product_brand?post=349159"},{"taxonomy":"product_cat","embeddable":true,"href":"https:\/\/www.arclite-shop.de\/it\/wp-json\/wp\/v2\/product_cat?post=349159"},{"taxonomy":"product_tag","embeddable":true,"href":"https:\/\/www.arclite-shop.de\/it\/wp-json\/wp\/v2\/product_tag?post=349159"}],"curies":[{"name":"wp","href":"https:\/\/api.w.org\/{rel}","templated":true}]}}