{"id":349147,"date":"2024-10-31T13:55:57","date_gmt":"2024-10-31T12:55:57","guid":{"rendered":"https:\/\/www.arclite-shop.de\/produkt\/03-31242500\/"},"modified":"2026-04-18T10:23:23","modified_gmt":"2026-04-18T08:23:23","slug":"03-31242500","status":"publish","type":"product","link":"https:\/\/www.arclite-shop.de\/it\/produkt\/03-31242500\/","title":{"rendered":"Forma della Candela e Lampada a Goccia LED CorePro - Lampada LED\/Multi-LED - Consumo energetico: 2,8 W - Classe di efficienza energetica: F"},"content":{"rendered":"<p>Markenqualit\u00e4t zum Einstiegspreis. Die CorePro LED Kerzen-und Tropfenformlampen wurde als Ersatz f\u00fcr Gl\u00fchlampen entwickelt. Sie eignet sich f\u00fcr Leuchten mit E14-Fassung und wirkt auch in Kronleuchtern \u00fcberaus attraktiv. LED-Lampen erlauben erhebliche Energieeinsparungen und sind mit deutlich geringeren Wartungskosten verbunden.<\/p>\n","protected":false},"excerpt":{"rendered":"<p>Markenqualit\u00e4t zum Einstiegspreis. Die CorePro LED Kerzen-und Tropfenformlampen wurde als Ersatz f\u00fcr Gl\u00fchlampen entwickelt. Sie eignet sich f\u00fcr Leuchten mit E14-Fassung und wirkt auch in Kronleuchtern \u00fcberaus attraktiv. LED-Lampen erlauben erhebliche Energieeinsparungen und sind mit deutlich geringeren Wartungskosten verbunden.<\/p>\n","protected":false},"featured_media":367614,"template":"","meta":[],"product_brand":[],"product_cat":[83758],"product_tag":[],"class_list":{"0":"post-349147","1":"product","2":"type-product","3":"status-publish","4":"has-post-thumbnail","6":"product_cat-led-lampe-multi-led-signify","8":"first","9":"instock","10":"taxable","11":"shipping-taxable","12":"product-type-simple"},"_links":{"self":[{"href":"https:\/\/www.arclite-shop.de\/it\/wp-json\/wp\/v2\/product\/349147","targetHints":{"allow":["GET"]}}],"collection":[{"href":"https:\/\/www.arclite-shop.de\/it\/wp-json\/wp\/v2\/product"}],"about":[{"href":"https:\/\/www.arclite-shop.de\/it\/wp-json\/wp\/v2\/types\/product"}],"wp:featuredmedia":[{"embeddable":true,"href":"https:\/\/www.arclite-shop.de\/it\/wp-json\/wp\/v2\/media\/367614"}],"wp:attachment":[{"href":"https:\/\/www.arclite-shop.de\/it\/wp-json\/wp\/v2\/media?parent=349147"}],"wp:term":[{"taxonomy":"product_brand","embeddable":true,"href":"https:\/\/www.arclite-shop.de\/it\/wp-json\/wp\/v2\/product_brand?post=349147"},{"taxonomy":"product_cat","embeddable":true,"href":"https:\/\/www.arclite-shop.de\/it\/wp-json\/wp\/v2\/product_cat?post=349147"},{"taxonomy":"product_tag","embeddable":true,"href":"https:\/\/www.arclite-shop.de\/it\/wp-json\/wp\/v2\/product_tag?post=349147"}],"curies":[{"name":"wp","href":"https:\/\/api.w.org\/{rel}","templated":true}]}}