{"id":349073,"date":"2024-10-31T13:55:24","date_gmt":"2024-10-31T12:55:24","guid":{"rendered":"https:\/\/www.arclite-shop.de\/produkt\/03-63826900\/"},"modified":"2026-04-18T10:28:43","modified_gmt":"2026-04-18T08:28:43","slug":"03-63826900","status":"publish","type":"product","link":"https:\/\/www.arclite-shop.de\/it\/produkt\/03-63826900\/","title":{"rendered":"TrueForce Urban LED HPL - Lampada LED\/Multi-LED - Potenza di sistema: 42 W - Classe di efficienza energetica: D - Temperatura di colore pi\u00f9 simile (Nom):  Nom): 3000 K"},"content":{"rendered":"<p>Philips TrueForce Urban LED HPL Lampen sind eine hervorragende LED Alternative f\u00fcr HPL\/HQL oder SON\/NAV Entladungslampen in der Au\u00dfenbeleuchtung. Die TrueForce Urban LED HPL Lampen bieten hohe Energieersparnisse, signifikant l\u00e4ngere Nutzlebensdauern und schnelle Amortisationszeiten im Vergleich zu herk\u00f6mmlichen HPL\/SON Lampen. Die Lampengr\u00f6\u00dfe sowie die Brennerlage sind denen von herk\u00f6mmlichen HPL\/SON Lampen nachempfunden, sodass diese eine ideale Alternative bieten. Die TrueForce Urban LED HPL Lampen sind f\u00fcr den direkten Netzbetrieb an 220-240V und den Betrieb am magnetischen Vorschaltger\u00e4t (KVG) geeignet.<\/p>\n","protected":false},"excerpt":{"rendered":"<p>Philips TrueForce Urban LED HPL Lampen sind eine hervorragende LED Alternative f\u00fcr HPL\/HQL oder SON\/NAV Entladungslampen in der Au\u00dfenbeleuchtung. Die TrueForce Urban LED HPL Lampen bieten hohe Energieersparnisse, signifikant l\u00e4ngere Nutzlebensdauern und schnelle Amortisationszeiten im Vergleich zu herk\u00f6mmlichen HPL\/SON Lampen.<span class=\"excerpt-hellip\"> [\u2026]<\/span><\/p>\n","protected":false},"featured_media":367668,"template":"","meta":[],"product_brand":[],"product_cat":[83758],"product_tag":[],"class_list":{"0":"post-349073","1":"product","2":"type-product","3":"status-publish","4":"has-post-thumbnail","6":"product_cat-led-lampe-multi-led-signify","8":"first","9":"instock","10":"taxable","11":"shipping-taxable","12":"product-type-simple"},"_links":{"self":[{"href":"https:\/\/www.arclite-shop.de\/it\/wp-json\/wp\/v2\/product\/349073","targetHints":{"allow":["GET"]}}],"collection":[{"href":"https:\/\/www.arclite-shop.de\/it\/wp-json\/wp\/v2\/product"}],"about":[{"href":"https:\/\/www.arclite-shop.de\/it\/wp-json\/wp\/v2\/types\/product"}],"wp:featuredmedia":[{"embeddable":true,"href":"https:\/\/www.arclite-shop.de\/it\/wp-json\/wp\/v2\/media\/367668"}],"wp:attachment":[{"href":"https:\/\/www.arclite-shop.de\/it\/wp-json\/wp\/v2\/media?parent=349073"}],"wp:term":[{"taxonomy":"product_brand","embeddable":true,"href":"https:\/\/www.arclite-shop.de\/it\/wp-json\/wp\/v2\/product_brand?post=349073"},{"taxonomy":"product_cat","embeddable":true,"href":"https:\/\/www.arclite-shop.de\/it\/wp-json\/wp\/v2\/product_cat?post=349073"},{"taxonomy":"product_tag","embeddable":true,"href":"https:\/\/www.arclite-shop.de\/it\/wp-json\/wp\/v2\/product_tag?post=349073"}],"curies":[{"name":"wp","href":"https:\/\/api.w.org\/{rel}","templated":true}]}}