{"id":348879,"date":"2024-10-31T13:53:38","date_gmt":"2024-10-31T12:53:38","guid":{"rendered":"https:\/\/www.arclite-shop.de\/produkt\/03-48788800\/"},"modified":"2026-03-07T04:45:40","modified_gmt":"2026-03-07T03:45:40","slug":"03-48788800","status":"publish","type":"product","link":"https:\/\/www.arclite-shop.de\/it\/produkt\/03-48788800\/","title":{"rendered":"CorePro LED PLT 4P - Lampada LED\/Multi-LED - Potenza di sistema: 18,5 W - Classe di efficienza energetica: F - Temperatura colore pi\u00f9 simile (Nom): 3000 K"},"content":{"rendered":"<p>Die CorePro LED PL-T Familie ist eine hervorragende LED Alternative f\u00fcr herk\u00f6mmliche konventionelle PL-T Kompaktleuchtstofflampen als 4 Pin Version (HF: EVG f\u00fcr PL-C) Mit dieser innovativen LED-L\u00f6sung k\u00f6nnen Sie hohe Energieeinsparungen im Vergleich zu  konventionellen L\u00f6sungen erzielen.<\/p>\n","protected":false},"excerpt":{"rendered":"<p>Die CorePro LED PL-T Familie ist eine hervorragende LED Alternative f\u00fcr herk\u00f6mmliche konventionelle PL-T Kompaktleuchtstofflampen als 4 Pin Version (HF: EVG f\u00fcr PL-C) Mit dieser innovativen LED-L\u00f6sung k\u00f6nnen Sie hohe Energieeinsparungen im Vergleich zu konventionellen L\u00f6sungen erzielen.<\/p>\n","protected":false},"featured_media":367782,"template":"","meta":[],"product_brand":[],"product_cat":[83758],"product_tag":[],"class_list":{"0":"post-348879","1":"product","2":"type-product","3":"status-publish","4":"has-post-thumbnail","6":"product_cat-led-lampe-multi-led-signify","8":"first","9":"instock","10":"taxable","11":"shipping-taxable","12":"product-type-simple"},"_links":{"self":[{"href":"https:\/\/www.arclite-shop.de\/it\/wp-json\/wp\/v2\/product\/348879","targetHints":{"allow":["GET"]}}],"collection":[{"href":"https:\/\/www.arclite-shop.de\/it\/wp-json\/wp\/v2\/product"}],"about":[{"href":"https:\/\/www.arclite-shop.de\/it\/wp-json\/wp\/v2\/types\/product"}],"wp:featuredmedia":[{"embeddable":true,"href":"https:\/\/www.arclite-shop.de\/it\/wp-json\/wp\/v2\/media\/367782"}],"wp:attachment":[{"href":"https:\/\/www.arclite-shop.de\/it\/wp-json\/wp\/v2\/media?parent=348879"}],"wp:term":[{"taxonomy":"product_brand","embeddable":true,"href":"https:\/\/www.arclite-shop.de\/it\/wp-json\/wp\/v2\/product_brand?post=348879"},{"taxonomy":"product_cat","embeddable":true,"href":"https:\/\/www.arclite-shop.de\/it\/wp-json\/wp\/v2\/product_cat?post=348879"},{"taxonomy":"product_tag","embeddable":true,"href":"https:\/\/www.arclite-shop.de\/it\/wp-json\/wp\/v2\/product_tag?post=348879"}],"curies":[{"name":"wp","href":"https:\/\/api.w.org\/{rel}","templated":true}]}}