{"id":347420,"date":"2024-10-31T11:35:07","date_gmt":"2024-10-31T10:35:07","guid":{"rendered":"https:\/\/www.arclite-shop.de\/produkt\/119-ab81770-00-92\/"},"modified":"2026-04-18T11:29:37","modified_gmt":"2026-04-18T09:29:37","slug":"119-ab81770-00-92","status":"publish","type":"product","link":"https:\/\/www.arclite-shop.de\/it\/produkt\/119-ab81770-00-92\/","title":{"rendered":"floorCENTURY 10 BAP - Lampada da pavimento bianca 60W 90\u00b0 4000K CRI80 119-AB81770.00.92"},"content":{"rendered":"<p>Form und Funktion formsch\u00f6n vereint: LED Stehleuchte f\u00fcr Bildschirmarbeitspl\u00e4tze. Direkte \/ indirekte Lichtverteilung. Geh\u00e4use aus Aluminium-Druckguss, RAL pulverbeschichtet. Diffusor unten mikroprismatisch UGR &lt; 19, Diffusor oben opal. Betont klassische, mittelgro\u00dfe LED Deckenaufbauleuchte f\u00fcr Architekturakzente. Max. direkte Lichtausbeute: 3.000lm 30W; Max. indirekte Lichtausbeute: 3.000lm 30W. Farbtoleranz 3 SDCM. Lichtstromr\u00fcckgang nach 50.000h L80\/B10. Integriertes Betriebsger\u00e4t. 5 Jahre Garantie. <\/p>\n","protected":false},"excerpt":{"rendered":"<p>Form und Funktion formsch\u00f6n vereint: LED Stehleuchte f\u00fcr Bildschirmarbeitspl\u00e4tze. Direkte \/ indirekte Lichtverteilung. Geh\u00e4use aus Aluminium-Druckguss, RAL pulverbeschichtet. Diffusor unten mikroprismatisch UGR &lt; 19, Diffusor oben opal. Betont klassische, mittelgro\u00dfe LED Deckenaufbauleuchte f\u00fcr Architekturakzente. Max. direkte Lichtausbeute: 3.000lm 30W; Max.<span class=\"excerpt-hellip\"> [\u2026]<\/span><\/p>\n","protected":false},"featured_media":367856,"template":"","meta":[],"product_brand":[],"product_cat":[86183],"product_tag":[],"class_list":{"0":"post-347420","1":"product","2":"type-product","3":"status-publish","4":"has-post-thumbnail","6":"product_cat-stehleuchte","8":"first","9":"outofstock","10":"taxable","11":"shipping-taxable","12":"product-type-simple"},"_links":{"self":[{"href":"https:\/\/www.arclite-shop.de\/it\/wp-json\/wp\/v2\/product\/347420","targetHints":{"allow":["GET"]}}],"collection":[{"href":"https:\/\/www.arclite-shop.de\/it\/wp-json\/wp\/v2\/product"}],"about":[{"href":"https:\/\/www.arclite-shop.de\/it\/wp-json\/wp\/v2\/types\/product"}],"wp:featuredmedia":[{"embeddable":true,"href":"https:\/\/www.arclite-shop.de\/it\/wp-json\/wp\/v2\/media\/367856"}],"wp:attachment":[{"href":"https:\/\/www.arclite-shop.de\/it\/wp-json\/wp\/v2\/media?parent=347420"}],"wp:term":[{"taxonomy":"product_brand","embeddable":true,"href":"https:\/\/www.arclite-shop.de\/it\/wp-json\/wp\/v2\/product_brand?post=347420"},{"taxonomy":"product_cat","embeddable":true,"href":"https:\/\/www.arclite-shop.de\/it\/wp-json\/wp\/v2\/product_cat?post=347420"},{"taxonomy":"product_tag","embeddable":true,"href":"https:\/\/www.arclite-shop.de\/it\/wp-json\/wp\/v2\/product_tag?post=347420"}],"curies":[{"name":"wp","href":"https:\/\/api.w.org\/{rel}","templated":true}]}}