{"id":347413,"date":"2024-10-31T11:35:02","date_gmt":"2024-10-31T10:35:02","guid":{"rendered":"https:\/\/www.arclite-shop.de\/produkt\/832-aa81771-02-91\/"},"modified":"2026-04-18T11:30:55","modified_gmt":"2026-04-18T09:30:55","slug":"832-aa81771-02-91","status":"publish","type":"product","link":"https:\/\/www.arclite-shop.de\/it\/produkt\/832-aa81771-02-91\/","title":{"rendered":"floorCENTURY 15 BAP - Lampada da terra nera 80W 50\u00b0  3000K CRI80 832-AA81771.02.91"},"content":{"rendered":"<p>Flickerfreie LED Stehleuchte im modernen Stabdesign f\u00fcr anspruchsvolle Bildschirmarbeitspl\u00e4tze. Geh\u00e4use aus Aluminiumprofil, pulverbeschichtet. Sehr hohe Blendreduzierung durch Microreflektoren und Anti-Blend Abdeckung, UGR &lt; 6. Integrierter Bewegungsmelder und Tageslichtsensor. Ein\/Aus Schalter, inkl. Touch-DIM Funktion. Separat steuerbare direkte und indirekte Lichtverteilung. Lichtstromr\u00fcckgang nach 50.000h L80\/B10. Integriertes Betriebsger\u00e4t. 5 Jahre Garantie. Max. direkte Lichtausbeute: 3.000lm 25W. Max. indirekte Lichtausbeute: 6.500lm 55W. TW nach Anfrage. Inkl. Bewegungs- und Tageslichtsensor<\/p>\n","protected":false},"excerpt":{"rendered":"<p>Flickerfreie LED Stehleuchte im modernen Stabdesign f\u00fcr anspruchsvolle Bildschirmarbeitspl\u00e4tze. Geh\u00e4use aus Aluminiumprofil, pulverbeschichtet. Sehr hohe Blendreduzierung durch Microreflektoren und Anti-Blend Abdeckung, UGR &lt; 6. Integrierter Bewegungsmelder und Tageslichtsensor. Ein\/Aus Schalter, inkl. Touch-DIM Funktion. Separat steuerbare direkte und indirekte Lichtverteilung. Lichtstromr\u00fcckgang<span class=\"excerpt-hellip\"> [\u2026]<\/span><\/p>\n","protected":false},"featured_media":367858,"template":"","meta":[],"product_brand":[],"product_cat":[86183],"product_tag":[],"class_list":{"0":"post-347413","1":"product","2":"type-product","3":"status-publish","4":"has-post-thumbnail","6":"product_cat-stehleuchte","8":"first","9":"instock","10":"taxable","11":"shipping-taxable","12":"product-type-simple"},"_links":{"self":[{"href":"https:\/\/www.arclite-shop.de\/it\/wp-json\/wp\/v2\/product\/347413","targetHints":{"allow":["GET"]}}],"collection":[{"href":"https:\/\/www.arclite-shop.de\/it\/wp-json\/wp\/v2\/product"}],"about":[{"href":"https:\/\/www.arclite-shop.de\/it\/wp-json\/wp\/v2\/types\/product"}],"wp:featuredmedia":[{"embeddable":true,"href":"https:\/\/www.arclite-shop.de\/it\/wp-json\/wp\/v2\/media\/367858"}],"wp:attachment":[{"href":"https:\/\/www.arclite-shop.de\/it\/wp-json\/wp\/v2\/media?parent=347413"}],"wp:term":[{"taxonomy":"product_brand","embeddable":true,"href":"https:\/\/www.arclite-shop.de\/it\/wp-json\/wp\/v2\/product_brand?post=347413"},{"taxonomy":"product_cat","embeddable":true,"href":"https:\/\/www.arclite-shop.de\/it\/wp-json\/wp\/v2\/product_cat?post=347413"},{"taxonomy":"product_tag","embeddable":true,"href":"https:\/\/www.arclite-shop.de\/it\/wp-json\/wp\/v2\/product_tag?post=347413"}],"curies":[{"name":"wp","href":"https:\/\/api.w.org\/{rel}","templated":true}]}}