{"id":347404,"date":"2024-10-31T11:34:56","date_gmt":"2024-10-31T10:34:56","guid":{"rendered":"https:\/\/www.arclite-shop.de\/produkt\/856-aa82566-02-97\/"},"modified":"2026-04-18T11:33:13","modified_gmt":"2026-04-18T09:33:13","slug":"856-aa82566-02-97","status":"publish","type":"product","link":"https:\/\/www.arclite-shop.de\/it\/produkt\/856-aa82566-02-97\/","title":{"rendered":"trackCENTURY 15 S - Focus rotante Track Swivel Nero 15W  40\u00b0 3000K CRI90 856-AA82566.02.97"},"content":{"rendered":"<p>Topaktueller, schlichter LED-Schienenstrahler im Retail f\u00fcr hohe Anspr\u00fcche. Klares Schutzglas. Farbtoleranz 3 SDCM. Lichtstromr\u00fcckgang nach 50.000h L80\/B10. Schwenkbereich 90\u00b0. Drehbereich 350\u00b0. Passive K\u00fchlung. Universeller Schienenadapter. Integriertes, nicht dimmbares Betriebsger\u00e4t. Separates, nicht dimmbares Betriebsger\u00e4t. 5 Jahre Garantie. <\/p>\n","protected":false},"excerpt":{"rendered":"<p>Topaktueller, schlichter LED-Schienenstrahler im Retail f\u00fcr hohe Anspr\u00fcche. Klares Schutzglas. Farbtoleranz 3 SDCM. Lichtstromr\u00fcckgang nach 50.000h L80\/B10. Schwenkbereich 90\u00b0. Drehbereich 350\u00b0. Passive K\u00fchlung. Universeller Schienenadapter. Integriertes, nicht dimmbares Betriebsger\u00e4t. Separates, nicht dimmbares Betriebsger\u00e4t. 5 Jahre Garantie.<\/p>\n","protected":false},"featured_media":333469,"template":"","meta":[],"product_brand":[],"product_cat":[85769],"product_tag":[],"class_list":{"0":"post-347404","1":"product","2":"type-product","3":"status-publish","4":"has-post-thumbnail","6":"product_cat-schienenstrahler-dreh-schwenkbar","8":"first","9":"instock","10":"taxable","11":"shipping-taxable","12":"product-type-simple"},"_links":{"self":[{"href":"https:\/\/www.arclite-shop.de\/it\/wp-json\/wp\/v2\/product\/347404","targetHints":{"allow":["GET"]}}],"collection":[{"href":"https:\/\/www.arclite-shop.de\/it\/wp-json\/wp\/v2\/product"}],"about":[{"href":"https:\/\/www.arclite-shop.de\/it\/wp-json\/wp\/v2\/types\/product"}],"wp:featuredmedia":[{"embeddable":true,"href":"https:\/\/www.arclite-shop.de\/it\/wp-json\/wp\/v2\/media\/333469"}],"wp:attachment":[{"href":"https:\/\/www.arclite-shop.de\/it\/wp-json\/wp\/v2\/media?parent=347404"}],"wp:term":[{"taxonomy":"product_brand","embeddable":true,"href":"https:\/\/www.arclite-shop.de\/it\/wp-json\/wp\/v2\/product_brand?post=347404"},{"taxonomy":"product_cat","embeddable":true,"href":"https:\/\/www.arclite-shop.de\/it\/wp-json\/wp\/v2\/product_cat?post=347404"},{"taxonomy":"product_tag","embeddable":true,"href":"https:\/\/www.arclite-shop.de\/it\/wp-json\/wp\/v2\/product_tag?post=347404"}],"curies":[{"name":"wp","href":"https:\/\/api.w.org\/{rel}","templated":true}]}}