{"id":347329,"date":"2024-10-31T11:33:58","date_gmt":"2024-10-31T10:33:58","guid":{"rendered":"https:\/\/www.arclite-shop.de\/produkt\/873-aa81571-00-68\/"},"modified":"2026-04-18T11:48:28","modified_gmt":"2026-04-18T09:48:28","slug":"873-aa81571-00-68","status":"publish","type":"product","link":"https:\/\/www.arclite-shop.de\/it\/produkt\/873-aa81571-00-68\/","title":{"rendered":"quadratura 1200 BAP retroilluminata - Pannelli bianchi 34W 90\u00b0 3000K\/4000K\/6500K CRI80 873-AA81571.00.68"},"content":{"rendered":"<p>Hochwertiges und dabei preiswertes LED Backlight Flachpanel f\u00fcr Bildschirmarbeitspl\u00e4tze. Geeignet f\u00fcr Einlege-, Einbau-, Aufbau- und Pendelmontage. Ersatz f\u00fcr T5\/T8 Leuchteneinbaumodule. Blendreduzierte Mikroprismenabdeckung UGR &lt; 19. Rahmen pulverbeschichtet. Farbtoleranz 4 SDCM. Lichtstromr\u00fcckgang nach 55.000h L80\/B10. Separates Betriebsger\u00e4t mit DIP-Schalter Stromeinstellung. Netto 4370lm bei 4000K. 5 Jahre Garantie. <\/p>\n","protected":false},"excerpt":{"rendered":"<p>Hochwertiges und dabei preiswertes LED Backlight Flachpanel f\u00fcr Bildschirmarbeitspl\u00e4tze. Geeignet f\u00fcr Einlege-, Einbau-, Aufbau- und Pendelmontage. Ersatz f\u00fcr T5\/T8 Leuchteneinbaumodule. Blendreduzierte Mikroprismenabdeckung UGR &lt; 19. Rahmen pulverbeschichtet. Farbtoleranz 4 SDCM. Lichtstromr\u00fcckgang nach 55.000h L80\/B10. Separates Betriebsger\u00e4t mit DIP-Schalter Stromeinstellung. Netto<span class=\"excerpt-hellip\"> [\u2026]<\/span><\/p>\n","protected":false},"featured_media":367948,"template":"","meta":[],"product_brand":[],"product_cat":[86137],"product_tag":[],"class_list":{"0":"post-347329","1":"product","2":"type-product","3":"status-publish","4":"has-post-thumbnail","6":"product_cat-panels","8":"first","9":"instock","10":"taxable","11":"shipping-taxable","12":"product-type-simple"},"_links":{"self":[{"href":"https:\/\/www.arclite-shop.de\/it\/wp-json\/wp\/v2\/product\/347329","targetHints":{"allow":["GET"]}}],"collection":[{"href":"https:\/\/www.arclite-shop.de\/it\/wp-json\/wp\/v2\/product"}],"about":[{"href":"https:\/\/www.arclite-shop.de\/it\/wp-json\/wp\/v2\/types\/product"}],"wp:featuredmedia":[{"embeddable":true,"href":"https:\/\/www.arclite-shop.de\/it\/wp-json\/wp\/v2\/media\/367948"}],"wp:attachment":[{"href":"https:\/\/www.arclite-shop.de\/it\/wp-json\/wp\/v2\/media?parent=347329"}],"wp:term":[{"taxonomy":"product_brand","embeddable":true,"href":"https:\/\/www.arclite-shop.de\/it\/wp-json\/wp\/v2\/product_brand?post=347329"},{"taxonomy":"product_cat","embeddable":true,"href":"https:\/\/www.arclite-shop.de\/it\/wp-json\/wp\/v2\/product_cat?post=347329"},{"taxonomy":"product_tag","embeddable":true,"href":"https:\/\/www.arclite-shop.de\/it\/wp-json\/wp\/v2\/product_tag?post=347329"}],"curies":[{"name":"wp","href":"https:\/\/api.w.org\/{rel}","templated":true}]}}