{"id":347326,"date":"2024-10-31T11:33:58","date_gmt":"2024-10-31T10:33:58","guid":{"rendered":"https:\/\/www.arclite-shop.de\/produkt\/873-ab81570-00-68\/"},"modified":"2026-04-18T11:48:18","modified_gmt":"2026-04-18T09:48:18","slug":"873-ab81570-00-68","status":"publish","type":"product","link":"https:\/\/www.arclite-shop.de\/it\/produkt\/873-ab81570-00-68\/","title":{"rendered":"squareCENTURY 625 BAP retroilluminato - Pannelli bianchi 33W 90\u00b0 3000K\/4000K\/6500K CRI80 873-AB81570.00.68"},"content":{"rendered":"<p>Hochwertiges und dabei preiswertes LED Backlight Flachpanel f\u00fcr Bildschirmarbeitspl\u00e4tze. Geeignet f\u00fcr Einlege-, Einbau-, Aufbau- und Pendelmontage. Passend f\u00fcr Rasterdecken Modul 625&#215;625. Ersatz f\u00fcr T5\/T8 Leuchteneinbaumodule. Blendreduzierte Mikroprismenabdeckung UGR &lt; 19. Rahmen pulverbeschichtet. Farbtoleranz 4 SDCM. Lichtstromr\u00fcckgang nach 55.000h L80\/B10. Separates Betriebsger\u00e4t mit DIP-Schalter Stromeinstellung. Netto 4015lm bei 4000K. Zubeh\u00f6r f\u00fcr Einbau- Aufbau- und Pendelmontage separat bestellen. 5 Jahre Garantie. <\/p>\n","protected":false},"excerpt":{"rendered":"<p>Hochwertiges und dabei preiswertes LED Backlight Flachpanel f\u00fcr Bildschirmarbeitspl\u00e4tze. Geeignet f\u00fcr Einlege-, Einbau-, Aufbau- und Pendelmontage. Passend f\u00fcr Rasterdecken Modul 625&#215;625. Ersatz f\u00fcr T5\/T8 Leuchteneinbaumodule. Blendreduzierte Mikroprismenabdeckung UGR &lt; 19. Rahmen pulverbeschichtet. Farbtoleranz 4 SDCM. Lichtstromr\u00fcckgang nach 55.000h L80\/B10. Separates<span class=\"excerpt-hellip\"> [\u2026]<\/span><\/p>\n","protected":false},"featured_media":363455,"template":"","meta":[],"product_brand":[],"product_cat":[86137],"product_tag":[],"class_list":{"0":"post-347326","1":"product","2":"type-product","3":"status-publish","4":"has-post-thumbnail","6":"product_cat-panels","8":"first","9":"instock","10":"taxable","11":"shipping-taxable","12":"product-type-simple"},"_links":{"self":[{"href":"https:\/\/www.arclite-shop.de\/it\/wp-json\/wp\/v2\/product\/347326","targetHints":{"allow":["GET"]}}],"collection":[{"href":"https:\/\/www.arclite-shop.de\/it\/wp-json\/wp\/v2\/product"}],"about":[{"href":"https:\/\/www.arclite-shop.de\/it\/wp-json\/wp\/v2\/types\/product"}],"wp:featuredmedia":[{"embeddable":true,"href":"https:\/\/www.arclite-shop.de\/it\/wp-json\/wp\/v2\/media\/363455"}],"wp:attachment":[{"href":"https:\/\/www.arclite-shop.de\/it\/wp-json\/wp\/v2\/media?parent=347326"}],"wp:term":[{"taxonomy":"product_brand","embeddable":true,"href":"https:\/\/www.arclite-shop.de\/it\/wp-json\/wp\/v2\/product_brand?post=347326"},{"taxonomy":"product_cat","embeddable":true,"href":"https:\/\/www.arclite-shop.de\/it\/wp-json\/wp\/v2\/product_cat?post=347326"},{"taxonomy":"product_tag","embeddable":true,"href":"https:\/\/www.arclite-shop.de\/it\/wp-json\/wp\/v2\/product_tag?post=347326"}],"curies":[{"name":"wp","href":"https:\/\/api.w.org\/{rel}","templated":true}]}}