{"id":347325,"date":"2024-10-31T11:33:57","date_gmt":"2024-10-31T10:33:57","guid":{"rendered":"https:\/\/www.arclite-shop.de\/produkt\/873-ab81534-00-92\/"},"modified":"2026-04-18T11:48:39","modified_gmt":"2026-04-18T09:48:39","slug":"873-ab81534-00-92","status":"publish","type":"product","link":"https:\/\/www.arclite-shop.de\/it\/produkt\/873-ab81534-00-92\/","title":{"rendered":"squareCENTURY 1200 BAP - Pannelli bianchi 35W 85\u00b0  4000K CRI80 873-AB81534.00.92"},"content":{"rendered":"<p>Hochwertiges und dabei preiswertes LED Flachpanel als Langversion f\u00fcr Bildschirmarbeitspl\u00e4tze. Geeignet f\u00fcr Einlege-, Einbau-, Aufbau- und Pendelmontage. Passend f\u00fcr Rasterdecken 1200&#215;300. Ersatz f\u00fcr T5\/T8 Leuchteneinbaumodule. Blendreduzierte Mikroprismenabdeckung UGR &lt; 19. Rahmen pulverbeschichtet. Farbtoleranz 3 SDCM. Lichtstromr\u00fcckgang nach 50.000h L80\/B20. Separates, nicht dimmbares Betriebsger\u00e4t. 5 Jahre Garantie. Zubeh\u00f6r f\u00fcr Einbau- Aufbau- und Pendelmontage separat bestellen. Netto 4200lm. DALI Betriebsger\u00e4te auf Anfrage<\/p>\n","protected":false},"excerpt":{"rendered":"<p>Hochwertiges und dabei preiswertes LED Flachpanel als Langversion f\u00fcr Bildschirmarbeitspl\u00e4tze. Geeignet f\u00fcr Einlege-, Einbau-, Aufbau- und Pendelmontage. Passend f\u00fcr Rasterdecken 1200&#215;300. Ersatz f\u00fcr T5\/T8 Leuchteneinbaumodule. Blendreduzierte Mikroprismenabdeckung UGR &lt; 19. Rahmen pulverbeschichtet. Farbtoleranz 3 SDCM. Lichtstromr\u00fcckgang nach 50.000h L80\/B20. Separates,<span class=\"excerpt-hellip\"> [\u2026]<\/span><\/p>\n","protected":false},"featured_media":367956,"template":"","meta":[],"product_brand":[],"product_cat":[86137],"product_tag":[],"class_list":{"0":"post-347325","1":"product","2":"type-product","3":"status-publish","4":"has-post-thumbnail","6":"product_cat-panels","8":"first","9":"instock","10":"taxable","11":"shipping-taxable","12":"product-type-simple"},"_links":{"self":[{"href":"https:\/\/www.arclite-shop.de\/it\/wp-json\/wp\/v2\/product\/347325","targetHints":{"allow":["GET"]}}],"collection":[{"href":"https:\/\/www.arclite-shop.de\/it\/wp-json\/wp\/v2\/product"}],"about":[{"href":"https:\/\/www.arclite-shop.de\/it\/wp-json\/wp\/v2\/types\/product"}],"wp:featuredmedia":[{"embeddable":true,"href":"https:\/\/www.arclite-shop.de\/it\/wp-json\/wp\/v2\/media\/367956"}],"wp:attachment":[{"href":"https:\/\/www.arclite-shop.de\/it\/wp-json\/wp\/v2\/media?parent=347325"}],"wp:term":[{"taxonomy":"product_brand","embeddable":true,"href":"https:\/\/www.arclite-shop.de\/it\/wp-json\/wp\/v2\/product_brand?post=347325"},{"taxonomy":"product_cat","embeddable":true,"href":"https:\/\/www.arclite-shop.de\/it\/wp-json\/wp\/v2\/product_cat?post=347325"},{"taxonomy":"product_tag","embeddable":true,"href":"https:\/\/www.arclite-shop.de\/it\/wp-json\/wp\/v2\/product_tag?post=347325"}],"curies":[{"name":"wp","href":"https:\/\/api.w.org\/{rel}","templated":true}]}}