{"id":343504,"date":"2024-10-31T10:46:31","date_gmt":"2024-10-31T09:46:31","guid":{"rendered":"https:\/\/www.arclite-shop.de\/produkt\/752-tc40234-01-56-53\/"},"modified":"2026-04-18T16:14:01","modified_gmt":"2026-04-18T14:14:01","slug":"752-tc40234-01-56-53","status":"publish","type":"product","link":"https:\/\/www.arclite-shop.de\/it\/produkt\/752-tc40234-01-56-53\/","title":{"rendered":"topFFECT 385 - NeoLink Human Centric Lighting rigido argento 35W 113\u00b0 1800-16000K\/RGB CRI90 752-TC40234.01.56.53"},"content":{"rendered":"<p>Formsch\u00f6ne LED Deckenaufbauleuchte mit integrierter Fl\u00e4chenstrahleroptik f\u00fcr anspruchsvolle biorhythmische Lichtl\u00f6sungen. Idealer Einsatz f\u00fcr gro\u00dffl\u00e4chige Beleuchtung im Innenraum. Geh\u00e4use aus ABS Kunststoff. Reflektor aus Polycarbonat. Farbtemperatur 1.800 K bis 16.000 K mit hoher Farbortstabilit\u00e4t. Variable Farbtemperatur von 1.800K &#8211; 16.000K. Individuelle Ansteuerung aller RGBW-Farben innerhalb des PI-LED Farbraumes. Farbtoleranz 4 SDCM, Farbwiedergabe CRI 90 (4.000K). HCL ready &#8211; vorprogrammierter automatischer Tageslichtverlauf. Integriertes, dimmbares Betriebsger\u00e4t. 5 Jahre Garantie. Netto 1960lm bei 3000K. PI LED ZigBee<\/p>\n","protected":false},"excerpt":{"rendered":"<p>Formsch\u00f6ne LED Deckenaufbauleuchte mit integrierter Fl\u00e4chenstrahleroptik f\u00fcr anspruchsvolle biorhythmische Lichtl\u00f6sungen. Idealer Einsatz f\u00fcr gro\u00dffl\u00e4chige Beleuchtung im Innenraum. Geh\u00e4use aus ABS Kunststoff. Reflektor aus Polycarbonat. Farbtemperatur 1.800 K bis 16.000 K mit hoher Farbortstabilit\u00e4t. Variable Farbtemperatur von 1.800K &#8211; 16.000K. Individuelle<span class=\"excerpt-hellip\"> [\u2026]<\/span><\/p>\n","protected":false},"featured_media":368080,"template":"","meta":[],"product_brand":[],"product_cat":[85554],"product_tag":[],"class_list":{"0":"post-343504","1":"product","2":"type-product","3":"status-publish","4":"has-post-thumbnail","6":"product_cat-human-centric-lighting","8":"first","9":"instock","10":"taxable","11":"shipping-taxable","12":"product-type-simple"},"_links":{"self":[{"href":"https:\/\/www.arclite-shop.de\/it\/wp-json\/wp\/v2\/product\/343504","targetHints":{"allow":["GET"]}}],"collection":[{"href":"https:\/\/www.arclite-shop.de\/it\/wp-json\/wp\/v2\/product"}],"about":[{"href":"https:\/\/www.arclite-shop.de\/it\/wp-json\/wp\/v2\/types\/product"}],"wp:featuredmedia":[{"embeddable":true,"href":"https:\/\/www.arclite-shop.de\/it\/wp-json\/wp\/v2\/media\/368080"}],"wp:attachment":[{"href":"https:\/\/www.arclite-shop.de\/it\/wp-json\/wp\/v2\/media?parent=343504"}],"wp:term":[{"taxonomy":"product_brand","embeddable":true,"href":"https:\/\/www.arclite-shop.de\/it\/wp-json\/wp\/v2\/product_brand?post=343504"},{"taxonomy":"product_cat","embeddable":true,"href":"https:\/\/www.arclite-shop.de\/it\/wp-json\/wp\/v2\/product_cat?post=343504"},{"taxonomy":"product_tag","embeddable":true,"href":"https:\/\/www.arclite-shop.de\/it\/wp-json\/wp\/v2\/product_tag?post=343504"}],"curies":[{"name":"wp","href":"https:\/\/api.w.org\/{rel}","templated":true}]}}