{"id":343437,"date":"2024-10-31T10:43:00","date_gmt":"2024-10-31T09:43:00","guid":{"rendered":"https:\/\/www.arclite-shop.de\/produkt\/873-aa1100214\/"},"modified":"2026-04-18T16:16:09","modified_gmt":"2026-04-18T14:16:09","slug":"873-aa1100214","status":"publish","type":"product","link":"https:\/\/www.arclite-shop.de\/it\/produkt\/873-aa1100214\/","title":{"rendered":"Supporti di ritenzione per montaggio incassato, 4 pezzi per squareCENTURY 625 BAP retroilluminato AA1100214"},"content":{"rendered":"<p>Stahlclips f\u00fcr Einbaumontage f\u00fcr LED backlit Panel. Set zu je 4 Stk. F\u00fcr Decken mit St\u00e4rke: max. 20 mm.<\/p>\n","protected":false},"excerpt":{"rendered":"<p>Stahlclips f\u00fcr Einbaumontage f\u00fcr LED backlit Panel. Set zu je 4 Stk. F\u00fcr Decken mit St\u00e4rke: max. 20 mm.<\/p>\n","protected":false},"featured_media":368090,"template":"","meta":[],"product_brand":[],"product_cat":[84591],"product_tag":[],"class_list":{"0":"post-343437","1":"product","2":"type-product","3":"status-publish","4":"has-post-thumbnail","6":"product_cat-mechanisches-zubehoer-ersatzteile-fuer-leuchten","8":"first","9":"instock","10":"taxable","11":"shipping-taxable","12":"product-type-simple"},"_links":{"self":[{"href":"https:\/\/www.arclite-shop.de\/it\/wp-json\/wp\/v2\/product\/343437","targetHints":{"allow":["GET"]}}],"collection":[{"href":"https:\/\/www.arclite-shop.de\/it\/wp-json\/wp\/v2\/product"}],"about":[{"href":"https:\/\/www.arclite-shop.de\/it\/wp-json\/wp\/v2\/types\/product"}],"wp:featuredmedia":[{"embeddable":true,"href":"https:\/\/www.arclite-shop.de\/it\/wp-json\/wp\/v2\/media\/368090"}],"wp:attachment":[{"href":"https:\/\/www.arclite-shop.de\/it\/wp-json\/wp\/v2\/media?parent=343437"}],"wp:term":[{"taxonomy":"product_brand","embeddable":true,"href":"https:\/\/www.arclite-shop.de\/it\/wp-json\/wp\/v2\/product_brand?post=343437"},{"taxonomy":"product_cat","embeddable":true,"href":"https:\/\/www.arclite-shop.de\/it\/wp-json\/wp\/v2\/product_cat?post=343437"},{"taxonomy":"product_tag","embeddable":true,"href":"https:\/\/www.arclite-shop.de\/it\/wp-json\/wp\/v2\/product_tag?post=343437"}],"curies":[{"name":"wp","href":"https:\/\/api.w.org\/{rel}","templated":true}]}}