{"id":343171,"date":"2024-10-31T10:40:04","date_gmt":"2024-10-31T09:40:04","guid":{"rendered":"https:\/\/www.arclite-shop.de\/produkt\/850-820552\/"},"modified":"2026-04-18T16:37:29","modified_gmt":"2026-04-18T14:37:29","slug":"850-820552","status":"publish","type":"product","link":"https:\/\/www.arclite-shop.de\/it\/produkt\/850-820552\/","title":{"rendered":"Rosette AD  0mm, grau f\u00fcr Morfi 820552"},"content":{"rendered":"<p>Deckenrosette aus Aluminium f\u00fcr Morfi bis 80W. Durchmesser: 260mm, H\u00f6he: 42mm, Farbe grau. <\/p>\n","protected":false},"excerpt":{"rendered":"<p>Deckenrosette aus Aluminium f\u00fcr Morfi bis 80W. Durchmesser: 260mm, H\u00f6he: 42mm, Farbe grau.<\/p>\n","protected":false},"featured_media":368260,"template":"","meta":[],"product_brand":[],"product_cat":[84591],"product_tag":[],"class_list":{"0":"post-343171","1":"product","2":"type-product","3":"status-publish","4":"has-post-thumbnail","6":"product_cat-mechanisches-zubehoer-ersatzteile-fuer-leuchten","8":"first","9":"instock","10":"taxable","11":"shipping-taxable","12":"product-type-simple"},"_links":{"self":[{"href":"https:\/\/www.arclite-shop.de\/it\/wp-json\/wp\/v2\/product\/343171","targetHints":{"allow":["GET"]}}],"collection":[{"href":"https:\/\/www.arclite-shop.de\/it\/wp-json\/wp\/v2\/product"}],"about":[{"href":"https:\/\/www.arclite-shop.de\/it\/wp-json\/wp\/v2\/types\/product"}],"wp:featuredmedia":[{"embeddable":true,"href":"https:\/\/www.arclite-shop.de\/it\/wp-json\/wp\/v2\/media\/368260"}],"wp:attachment":[{"href":"https:\/\/www.arclite-shop.de\/it\/wp-json\/wp\/v2\/media?parent=343171"}],"wp:term":[{"taxonomy":"product_brand","embeddable":true,"href":"https:\/\/www.arclite-shop.de\/it\/wp-json\/wp\/v2\/product_brand?post=343171"},{"taxonomy":"product_cat","embeddable":true,"href":"https:\/\/www.arclite-shop.de\/it\/wp-json\/wp\/v2\/product_cat?post=343171"},{"taxonomy":"product_tag","embeddable":true,"href":"https:\/\/www.arclite-shop.de\/it\/wp-json\/wp\/v2\/product_tag?post=343171"}],"curies":[{"name":"wp","href":"https:\/\/api.w.org\/{rel}","templated":true}]}}