{"id":343071,"date":"2024-10-31T10:39:00","date_gmt":"2024-10-31T09:39:00","guid":{"rendered":"https:\/\/www.arclite-shop.de\/produkt\/73-28003867\/"},"modified":"2026-04-18T16:49:06","modified_gmt":"2026-04-18T14:49:06","slug":"73-28003867","status":"publish","type":"product","link":"https:\/\/www.arclite-shop.de\/it\/produkt\/73-28003867\/","title":{"rendered":"Set di ombreggiatura acu a corrente costante driver LED TRIDONIC 034 4DPI WDA 28003867"},"content":{"rendered":"<p>Abschattungsset bestehend aus 3 verschiedenen Linsentypen: Korridor, 90\u00b0 und 180\u00b0 Abschattung, Shutter direkt an der Vorderseite des Sensors in 4 verschiedenen Positionen montierbar 0\u00b0, 90\u00b0, 180\u00b0 und 270\u00b0 Winkel zum Sensorger\u00e4t, Keine St\u00f6rung der Lichtmessung oder der IR-Empf\u00e4ngersignale, Material transparentes Lexan 923 mit polierter Oberfl\u00e4che, Shutter sind f\u00fcr den einmaligen Gebrauch bestimmt, ein Ausbau nach der Installation kann den Shutter und die Sensorlinse besch\u00e4digen!<\/p>\n","protected":false},"excerpt":{"rendered":"<p>Abschattungsset bestehend aus 3 verschiedenen Linsentypen: Korridor, 90\u00b0 und 180\u00b0 Abschattung, Shutter direkt an der Vorderseite des Sensors in 4 verschiedenen Positionen montierbar 0\u00b0, 90\u00b0, 180\u00b0 und 270\u00b0 Winkel zum Sensorger\u00e4t, Keine St\u00f6rung der Lichtmessung oder der IR-Empf\u00e4ngersignale, Material transparentes<span class=\"excerpt-hellip\"> [\u2026]<\/span><\/p>\n","protected":false},"featured_media":258015,"template":"","meta":[],"product_brand":[],"product_cat":[84911],"product_tag":[],"class_list":{"0":"post-343071","1":"product","2":"type-product","3":"status-publish","4":"has-post-thumbnail","6":"product_cat-lichttechnisches-zubehoer-ersatzteile-fuer-leuchten","8":"first","9":"instock","10":"taxable","11":"shipping-taxable","12":"product-type-simple"},"_links":{"self":[{"href":"https:\/\/www.arclite-shop.de\/it\/wp-json\/wp\/v2\/product\/343071","targetHints":{"allow":["GET"]}}],"collection":[{"href":"https:\/\/www.arclite-shop.de\/it\/wp-json\/wp\/v2\/product"}],"about":[{"href":"https:\/\/www.arclite-shop.de\/it\/wp-json\/wp\/v2\/types\/product"}],"wp:featuredmedia":[{"embeddable":true,"href":"https:\/\/www.arclite-shop.de\/it\/wp-json\/wp\/v2\/media\/258015"}],"wp:attachment":[{"href":"https:\/\/www.arclite-shop.de\/it\/wp-json\/wp\/v2\/media?parent=343071"}],"wp:term":[{"taxonomy":"product_brand","embeddable":true,"href":"https:\/\/www.arclite-shop.de\/it\/wp-json\/wp\/v2\/product_brand?post=343071"},{"taxonomy":"product_cat","embeddable":true,"href":"https:\/\/www.arclite-shop.de\/it\/wp-json\/wp\/v2\/product_cat?post=343071"},{"taxonomy":"product_tag","embeddable":true,"href":"https:\/\/www.arclite-shop.de\/it\/wp-json\/wp\/v2\/product_tag?post=343071"}],"curies":[{"name":"wp","href":"https:\/\/api.w.org\/{rel}","templated":true}]}}