{"id":343066,"date":"2024-10-31T10:38:57","date_gmt":"2024-10-31T09:38:57","guid":{"rendered":"https:\/\/www.arclite-shop.de\/produkt\/73-28004370\/"},"modified":"2026-04-18T16:49:15","modified_gmt":"2026-04-18T14:49:15","slug":"73-28004370","status":"publish","type":"product","link":"https:\/\/www.arclite-shop.de\/it\/produkt\/73-28004370\/","title":{"rendered":"TRIDONIC LED driver a corrente costante smartSWITCH G2 HF 5DP f 28004370"},"content":{"rendered":"<p>Bewegungsmelder f\u00fcr den Leuchteneinbau, Bewegungserfassung auch durch Glas und d\u00fcnne Materialien (au\u00dfer Metall), Zum automatischen Ein- und Ausschalten von Leuchten mit elektronischen Vorschaltger\u00e4ten und LED-Treibern, Bright-Out-Funktion: Kein Einschalten der Leuchte bei ausreichender Helligkeit, Verz\u00f6gerungszeit, Erfassungsbereich und Lichtwert der Bright-Out-Funktion einstellbar \u00fcber 9 Dip-Schalter, Max. Installationsh\u00f6he 5 m, Weiter Installationsbereich dank zwei Geh\u00e4useformen, Einstellbarer Erfassungsbereich (100 \u2013 10 %), Schaltet bei Nulldurchgang, Zweite Neutralleiterklemme f\u00fcr eine einfache Verdrahtung, Optimiert f\u00fcr Anwendungen und Umgebungen mit anderen drahtlosen Kommunikationssystemen, 5 Jahre Garantie<\/p>\n","protected":false},"excerpt":{"rendered":"<p>Bewegungsmelder f\u00fcr den Leuchteneinbau, Bewegungserfassung auch durch Glas und d\u00fcnne Materialien (au\u00dfer Metall), Zum automatischen Ein- und Ausschalten von Leuchten mit elektronischen Vorschaltger\u00e4ten und LED-Treibern, Bright-Out-Funktion: Kein Einschalten der Leuchte bei ausreichender Helligkeit, Verz\u00f6gerungszeit, Erfassungsbereich und Lichtwert der Bright-Out-Funktion einstellbar<span class=\"excerpt-hellip\"> [\u2026]<\/span><\/p>\n","protected":false},"featured_media":258008,"template":"","meta":[],"product_brand":[],"product_cat":[84959],"product_tag":[],"class_list":{"0":"post-343066","1":"product","2":"type-product","3":"status-publish","4":"has-post-thumbnail","6":"product_cat-lichtregelsystemkomponente","8":"first","9":"outofstock","10":"taxable","11":"shipping-taxable","12":"product-type-simple"},"_links":{"self":[{"href":"https:\/\/www.arclite-shop.de\/it\/wp-json\/wp\/v2\/product\/343066","targetHints":{"allow":["GET"]}}],"collection":[{"href":"https:\/\/www.arclite-shop.de\/it\/wp-json\/wp\/v2\/product"}],"about":[{"href":"https:\/\/www.arclite-shop.de\/it\/wp-json\/wp\/v2\/types\/product"}],"wp:featuredmedia":[{"embeddable":true,"href":"https:\/\/www.arclite-shop.de\/it\/wp-json\/wp\/v2\/media\/258008"}],"wp:attachment":[{"href":"https:\/\/www.arclite-shop.de\/it\/wp-json\/wp\/v2\/media?parent=343066"}],"wp:term":[{"taxonomy":"product_brand","embeddable":true,"href":"https:\/\/www.arclite-shop.de\/it\/wp-json\/wp\/v2\/product_brand?post=343066"},{"taxonomy":"product_cat","embeddable":true,"href":"https:\/\/www.arclite-shop.de\/it\/wp-json\/wp\/v2\/product_cat?post=343066"},{"taxonomy":"product_tag","embeddable":true,"href":"https:\/\/www.arclite-shop.de\/it\/wp-json\/wp\/v2\/product_tag?post=343066"}],"curies":[{"name":"wp","href":"https:\/\/api.w.org\/{rel}","templated":true}]}}