{"id":343052,"date":"2024-10-31T10:38:50","date_gmt":"2024-10-31T09:38:50","guid":{"rendered":"https:\/\/www.arclite-shop.de\/produkt\/73-87500995\/"},"modified":"2026-04-18T16:49:37","modified_gmt":"2026-04-18T14:49:37","slug":"73-87500995","status":"publish","type":"product","link":"https:\/\/www.arclite-shop.de\/it\/produkt\/73-87500995\/","title":{"rendered":"TRIDONIC LED driver a corrente costante LC 65\/200-350\/210 flexC LP SNC4 87500995"},"content":{"rendered":"<p>Konstantstrom-LED-Treiber f\u00fcr den Leuchteneinbau, F\u00fcr Leuchten der Schutzklasse I, Temperaturschutz gem\u00e4\u00df EN 61347-2-13 C5e, W\u00e4hlbarer fixer Ausgangsstrom 350, 300, 250 und 200 mA, Max. Ausgangsleistung 65,1 W, Bis zu 93,5 % Effizienz, Nominale Lebensdauer bis zu 50.000 h, 5 Jahre Garantie, Geh\u00e4use: Metall, wei\u00df, Schutzart IP20, \u00dcberlastschutz, Kurzschlussschutz, Leerlaufschutz<\/p>\n","protected":false},"excerpt":{"rendered":"<p>Konstantstrom-LED-Treiber f\u00fcr den Leuchteneinbau, F\u00fcr Leuchten der Schutzklasse I, Temperaturschutz gem\u00e4\u00df EN 61347-2-13 C5e, W\u00e4hlbarer fixer Ausgangsstrom 350, 300, 250 und 200 mA, Max. Ausgangsleistung 65,1 W, Bis zu 93,5 % Effizienz, Nominale Lebensdauer bis zu 50.000 h, 5 Jahre<span class=\"excerpt-hellip\"> [\u2026]<\/span><\/p>\n","protected":false},"featured_media":257984,"template":"","meta":[],"product_brand":[],"product_cat":[84631],"product_tag":[],"class_list":{"0":"post-343052","1":"product","2":"type-product","3":"status-publish","4":"has-post-thumbnail","6":"product_cat-led-betriebsgeraet","8":"first","9":"outofstock","10":"taxable","11":"shipping-taxable","12":"product-type-simple"},"_links":{"self":[{"href":"https:\/\/www.arclite-shop.de\/it\/wp-json\/wp\/v2\/product\/343052","targetHints":{"allow":["GET"]}}],"collection":[{"href":"https:\/\/www.arclite-shop.de\/it\/wp-json\/wp\/v2\/product"}],"about":[{"href":"https:\/\/www.arclite-shop.de\/it\/wp-json\/wp\/v2\/types\/product"}],"wp:featuredmedia":[{"embeddable":true,"href":"https:\/\/www.arclite-shop.de\/it\/wp-json\/wp\/v2\/media\/257984"}],"wp:attachment":[{"href":"https:\/\/www.arclite-shop.de\/it\/wp-json\/wp\/v2\/media?parent=343052"}],"wp:term":[{"taxonomy":"product_brand","embeddable":true,"href":"https:\/\/www.arclite-shop.de\/it\/wp-json\/wp\/v2\/product_brand?post=343052"},{"taxonomy":"product_cat","embeddable":true,"href":"https:\/\/www.arclite-shop.de\/it\/wp-json\/wp\/v2\/product_cat?post=343052"},{"taxonomy":"product_tag","embeddable":true,"href":"https:\/\/www.arclite-shop.de\/it\/wp-json\/wp\/v2\/product_tag?post=343052"}],"curies":[{"name":"wp","href":"https:\/\/api.w.org\/{rel}","templated":true}]}}