{"id":343006,"date":"2024-10-31T10:38:24","date_gmt":"2024-10-31T09:38:24","guid":{"rendered":"https:\/\/www.arclite-shop.de\/produkt\/73-87501039\/"},"modified":"2026-04-18T16:50:54","modified_gmt":"2026-04-18T14:50:54","slug":"73-87501039","status":"publish","type":"product","link":"https:\/\/www.arclite-shop.de\/it\/produkt\/73-87501039\/","title":{"rendered":"TRIDONIC LED Driver a corrente costante LC 42\/900-1050\/40 flexC T-G SNC3 87501039"},"content":{"rendered":"<p>Konstantstrom LED-Treiber f\u00fcr Leuchten der Schutzklasse II, Kompatible Stromschienen 3-Phasen-System, Temperaturschutz nach EN 1347-2-13 C5e, Max. Ausgangsleistung 42W, W\u00e4hlbarer fixer Ausgangsstrom via DIP-Schalter 900,950,1000,1050mA, Shutzklasse IP20, Temperaturschutz gem\u00e4\u00df EN 61347-2-13 C5e, Schutzart IP20, grau<\/p>\n","protected":false},"excerpt":{"rendered":"<p>Konstantstrom LED-Treiber f\u00fcr Leuchten der Schutzklasse II, Kompatible Stromschienen 3-Phasen-System, Temperaturschutz nach EN 1347-2-13 C5e, Max. Ausgangsleistung 42W, W\u00e4hlbarer fixer Ausgangsstrom via DIP-Schalter 900,950,1000,1050mA, Shutzklasse IP20, Temperaturschutz gem\u00e4\u00df EN 61347-2-13 C5e, Schutzart IP20, grau<\/p>\n","protected":false},"featured_media":257912,"template":"","meta":[],"product_brand":[],"product_cat":[84631],"product_tag":[],"class_list":{"0":"post-343006","1":"product","2":"type-product","3":"status-publish","4":"has-post-thumbnail","6":"product_cat-led-betriebsgeraet","8":"first","9":"instock","10":"taxable","11":"shipping-taxable","12":"product-type-simple"},"_links":{"self":[{"href":"https:\/\/www.arclite-shop.de\/it\/wp-json\/wp\/v2\/product\/343006","targetHints":{"allow":["GET"]}}],"collection":[{"href":"https:\/\/www.arclite-shop.de\/it\/wp-json\/wp\/v2\/product"}],"about":[{"href":"https:\/\/www.arclite-shop.de\/it\/wp-json\/wp\/v2\/types\/product"}],"wp:featuredmedia":[{"embeddable":true,"href":"https:\/\/www.arclite-shop.de\/it\/wp-json\/wp\/v2\/media\/257912"}],"wp:attachment":[{"href":"https:\/\/www.arclite-shop.de\/it\/wp-json\/wp\/v2\/media?parent=343006"}],"wp:term":[{"taxonomy":"product_brand","embeddable":true,"href":"https:\/\/www.arclite-shop.de\/it\/wp-json\/wp\/v2\/product_brand?post=343006"},{"taxonomy":"product_cat","embeddable":true,"href":"https:\/\/www.arclite-shop.de\/it\/wp-json\/wp\/v2\/product_cat?post=343006"},{"taxonomy":"product_tag","embeddable":true,"href":"https:\/\/www.arclite-shop.de\/it\/wp-json\/wp\/v2\/product_tag?post=343006"}],"curies":[{"name":"wp","href":"https:\/\/api.w.org\/{rel}","templated":true}]}}