{"id":342961,"date":"2024-10-31T10:37:59","date_gmt":"2024-10-31T09:37:59","guid":{"rendered":"https:\/\/www.arclite-shop.de\/produkt\/73-89800833\/"},"modified":"2026-04-18T16:52:06","modified_gmt":"2026-04-18T14:52:06","slug":"73-89800833","status":"publish","type":"product","link":"https:\/\/www.arclite-shop.de\/it\/produkt\/73-89800833\/","title":{"rendered":"Unit\u00e0 di controllo illuminazione d'emergenza TRIDONIC EMcLED PRO HP   250V 89800833"},"content":{"rendered":"<p>Notlicht-LED-Treiber mit DALI-Interface und automatischer Testfunktion, F\u00fcr einzelbatterieversorgte Notbeleuchtung, F\u00fcr LED-Module mit einer Vorw\u00e4rtsspannung von 48 \u2013 250 V, \u201eLow profile\u201c-Geh\u00e4use (21 x 30 mm Querschnitt), F\u00fcr Leuchteneinbau, Nominale Lebensdauer bis zu 100.000 h, 5 Jahre Garantie.<\/p>\n","protected":false},"excerpt":{"rendered":"<p>Notlicht-LED-Treiber mit DALI-Interface und automatischer Testfunktion, F\u00fcr einzelbatterieversorgte Notbeleuchtung, F\u00fcr LED-Module mit einer Vorw\u00e4rtsspannung von 48 \u2013 250 V, \u201eLow profile\u201c-Geh\u00e4use (21 x 30 mm Querschnitt), F\u00fcr Leuchteneinbau, Nominale Lebensdauer bis zu 100.000 h, 5 Jahre Garantie.<\/p>\n","protected":false},"featured_media":368398,"template":"","meta":[],"product_brand":[],"product_cat":[85190],"product_tag":[],"class_list":{"0":"post-342961","1":"product","2":"type-product","3":"status-publish","4":"has-post-thumbnail","6":"product_cat-notlichtversorgungszentrale","8":"first","9":"instock","10":"taxable","11":"shipping-taxable","12":"product-type-simple"},"_links":{"self":[{"href":"https:\/\/www.arclite-shop.de\/it\/wp-json\/wp\/v2\/product\/342961","targetHints":{"allow":["GET"]}}],"collection":[{"href":"https:\/\/www.arclite-shop.de\/it\/wp-json\/wp\/v2\/product"}],"about":[{"href":"https:\/\/www.arclite-shop.de\/it\/wp-json\/wp\/v2\/types\/product"}],"wp:featuredmedia":[{"embeddable":true,"href":"https:\/\/www.arclite-shop.de\/it\/wp-json\/wp\/v2\/media\/368398"}],"wp:attachment":[{"href":"https:\/\/www.arclite-shop.de\/it\/wp-json\/wp\/v2\/media?parent=342961"}],"wp:term":[{"taxonomy":"product_brand","embeddable":true,"href":"https:\/\/www.arclite-shop.de\/it\/wp-json\/wp\/v2\/product_brand?post=342961"},{"taxonomy":"product_cat","embeddable":true,"href":"https:\/\/www.arclite-shop.de\/it\/wp-json\/wp\/v2\/product_cat?post=342961"},{"taxonomy":"product_tag","embeddable":true,"href":"https:\/\/www.arclite-shop.de\/it\/wp-json\/wp\/v2\/product_tag?post=342961"}],"curies":[{"name":"wp","href":"https:\/\/api.w.org\/{rel}","templated":true}]}}