{"id":342954,"date":"2024-10-31T10:37:55","date_gmt":"2024-10-31T09:37:55","guid":{"rendered":"https:\/\/www.arclite-shop.de\/produkt\/73-89800903\/"},"modified":"2026-04-18T16:52:14","modified_gmt":"2026-04-18T14:52:14","slug":"73-89800903","status":"publish","type":"product","link":"https:\/\/www.arclite-shop.de\/it\/produkt\/73-89800903\/","title":{"rendered":"Modulo di controllo illuminazione d'emergenza TRIDONIC Convertitore EM LED PRO 202A MH\/LiFePO4 250V 89800903"},"content":{"rendered":"<p>Notlicht-LED-Treiber mit Selbsttestfunktion, F\u00fcr einzelbatterieversorgte Notbeleuchtung, F\u00fcr LED-Module mit einer Vorw\u00e4rtsspannung von 50 \u2013 250 V, SELV f\u00fcr Ausgangsspannung &lt; 60 V DC, \u201eLow profile\u201c-Geh\u00e4use (21 x 30 mm Querschnitt), F\u00fcr Leuchteneinbau, Nominale Lebensdauer bis zu 100.000 h, 5 Jahre Garantie.<\/p>\n","protected":false},"excerpt":{"rendered":"<p>Notlicht-LED-Treiber mit Selbsttestfunktion, F\u00fcr einzelbatterieversorgte Notbeleuchtung, F\u00fcr LED-Module mit einer Vorw\u00e4rtsspannung von 50 \u2013 250 V, SELV f\u00fcr Ausgangsspannung &lt; 60 V DC, \u201eLow profile\u201c-Geh\u00e4use (21 x 30 mm Querschnitt), F\u00fcr Leuchteneinbau, Nominale Lebensdauer bis zu 100.000 h, 5 Jahre<span class=\"excerpt-hellip\"> [\u2026]<\/span><\/p>\n","protected":false},"featured_media":368408,"template":"","meta":[],"product_brand":[],"product_cat":[85190],"product_tag":[],"class_list":{"0":"post-342954","1":"product","2":"type-product","3":"status-publish","4":"has-post-thumbnail","6":"product_cat-notlichtversorgungszentrale","8":"first","9":"instock","10":"taxable","11":"shipping-taxable","12":"product-type-simple"},"_links":{"self":[{"href":"https:\/\/www.arclite-shop.de\/it\/wp-json\/wp\/v2\/product\/342954","targetHints":{"allow":["GET"]}}],"collection":[{"href":"https:\/\/www.arclite-shop.de\/it\/wp-json\/wp\/v2\/product"}],"about":[{"href":"https:\/\/www.arclite-shop.de\/it\/wp-json\/wp\/v2\/types\/product"}],"wp:featuredmedia":[{"embeddable":true,"href":"https:\/\/www.arclite-shop.de\/it\/wp-json\/wp\/v2\/media\/368408"}],"wp:attachment":[{"href":"https:\/\/www.arclite-shop.de\/it\/wp-json\/wp\/v2\/media?parent=342954"}],"wp:term":[{"taxonomy":"product_brand","embeddable":true,"href":"https:\/\/www.arclite-shop.de\/it\/wp-json\/wp\/v2\/product_brand?post=342954"},{"taxonomy":"product_cat","embeddable":true,"href":"https:\/\/www.arclite-shop.de\/it\/wp-json\/wp\/v2\/product_cat?post=342954"},{"taxonomy":"product_tag","embeddable":true,"href":"https:\/\/www.arclite-shop.de\/it\/wp-json\/wp\/v2\/product_tag?post=342954"}],"curies":[{"name":"wp","href":"https:\/\/api.w.org\/{rel}","templated":true}]}}