{"id":342924,"date":"2024-10-31T10:37:38","date_gmt":"2024-10-31T09:37:38","guid":{"rendered":"https:\/\/www.arclite-shop.de\/produkt\/73-89800818\/"},"modified":"2026-04-18T16:54:18","modified_gmt":"2026-04-18T14:54:18","slug":"73-89800818","status":"publish","type":"product","link":"https:\/\/www.arclite-shop.de\/it\/produkt\/73-89800818\/","title":{"rendered":"KIT TRIDONIC Modulo Luce di Emergenza EM R2A  SIC NM 112 SMh-B 89800818"},"content":{"rendered":"<p>LED-Notlichtmodul f\u00fcr die Aufputz-Installation, Komplettes Set mit integrierter Elektronik, LED-Modul, K\u00fchlfl\u00e4che, Optik und Akku Beinhaltet click-in Multi-Linsen-Optik f\u00fcr Anti-Panik-, Fluchtwegs-und Spot-Beleuchtung, Notlichtfunktion f\u00fcr manuellen Test, Bereitschaftsvariante 1 oder 3 h Bemessungsbetriebsdauer (separate Varianten), Schwarzes Geh\u00e4use, BESA kompatible Installation, R\u00fcckplatte in zwei verschiedenen H\u00f6hen erh\u00e4ltlich (f\u00fcr hinteren und seitlichen Einstieg), 5 Jahre Garantie Elektronik (LED-Treiber), 3 Jahre Garantie Akku. <\/p>\n","protected":false},"excerpt":{"rendered":"<p>LED-Notlichtmodul f\u00fcr die Aufputz-Installation, Komplettes Set mit integrierter Elektronik, LED-Modul, K\u00fchlfl\u00e4che, Optik und Akku Beinhaltet click-in Multi-Linsen-Optik f\u00fcr Anti-Panik-, Fluchtwegs-und Spot-Beleuchtung, Notlichtfunktion f\u00fcr manuellen Test, Bereitschaftsvariante 1 oder 3 h Bemessungsbetriebsdauer (separate Varianten), Schwarzes Geh\u00e4use, BESA kompatible Installation, R\u00fcckplatte in<span class=\"excerpt-hellip\"> [\u2026]<\/span><\/p>\n","protected":false},"featured_media":368416,"template":"","meta":[],"product_brand":[],"product_cat":[85247],"product_tag":[],"class_list":{"0":"post-342924","1":"product","2":"type-product","3":"status-publish","4":"has-post-thumbnail","6":"product_cat-sicherheitsleuchte","8":"first","9":"instock","10":"taxable","11":"shipping-taxable","12":"product-type-simple"},"_links":{"self":[{"href":"https:\/\/www.arclite-shop.de\/it\/wp-json\/wp\/v2\/product\/342924","targetHints":{"allow":["GET"]}}],"collection":[{"href":"https:\/\/www.arclite-shop.de\/it\/wp-json\/wp\/v2\/product"}],"about":[{"href":"https:\/\/www.arclite-shop.de\/it\/wp-json\/wp\/v2\/types\/product"}],"wp:featuredmedia":[{"embeddable":true,"href":"https:\/\/www.arclite-shop.de\/it\/wp-json\/wp\/v2\/media\/368416"}],"wp:attachment":[{"href":"https:\/\/www.arclite-shop.de\/it\/wp-json\/wp\/v2\/media?parent=342924"}],"wp:term":[{"taxonomy":"product_brand","embeddable":true,"href":"https:\/\/www.arclite-shop.de\/it\/wp-json\/wp\/v2\/product_brand?post=342924"},{"taxonomy":"product_cat","embeddable":true,"href":"https:\/\/www.arclite-shop.de\/it\/wp-json\/wp\/v2\/product_cat?post=342924"},{"taxonomy":"product_tag","embeddable":true,"href":"https:\/\/www.arclite-shop.de\/it\/wp-json\/wp\/v2\/product_tag?post=342924"}],"curies":[{"name":"wp","href":"https:\/\/api.w.org\/{rel}","templated":true}]}}