{"id":342900,"date":"2024-10-31T10:37:26","date_gmt":"2024-10-31T09:37:26","guid":{"rendered":"https:\/\/www.arclite-shop.de\/produkt\/73-28003809\/"},"modified":"2026-04-18T16:55:27","modified_gmt":"2026-04-18T14:55:27","slug":"73-28003809","status":"publish","type":"product","link":"https:\/\/www.arclite-shop.de\/it\/produkt\/73-28003809\/","title":{"rendered":"TRIDONIC Cellule di Fosfato di Litio Ferro PACK-LiFePO4 7,2Ah  2P CON 28003809"},"content":{"rendered":"<p>Hochtemperatur LiFePO4-Zellen f\u00fcr den Einsatz mit Notlichtger\u00e4ten, Eingebaute Schutzfunktionen, Elektronisch geregeltes Temperaturmanagement, Gute Ladeeigenschaften bei hoher Temperatur, Geeignet f\u00fcr Notlichtbetriebsger\u00e4te gem\u00e4\u00df Norm IEC 60598-2-22.<\/p>\n","protected":false},"excerpt":{"rendered":"<p>Hochtemperatur LiFePO4-Zellen f\u00fcr den Einsatz mit Notlichtger\u00e4ten, Eingebaute Schutzfunktionen, Elektronisch geregeltes Temperaturmanagement, Gute Ladeeigenschaften bei hoher Temperatur, Geeignet f\u00fcr Notlichtbetriebsger\u00e4te gem\u00e4\u00df Norm IEC 60598-2-22.<\/p>\n","protected":false},"featured_media":368426,"template":"","meta":[],"product_brand":[],"product_cat":[85125],"product_tag":[],"class_list":{"0":"post-342900","1":"product","2":"type-product","3":"status-publish","4":"has-post-thumbnail","6":"product_cat-akku","8":"first","9":"instock","10":"taxable","11":"shipping-taxable","12":"product-type-simple"},"_links":{"self":[{"href":"https:\/\/www.arclite-shop.de\/it\/wp-json\/wp\/v2\/product\/342900","targetHints":{"allow":["GET"]}}],"collection":[{"href":"https:\/\/www.arclite-shop.de\/it\/wp-json\/wp\/v2\/product"}],"about":[{"href":"https:\/\/www.arclite-shop.de\/it\/wp-json\/wp\/v2\/types\/product"}],"wp:featuredmedia":[{"embeddable":true,"href":"https:\/\/www.arclite-shop.de\/it\/wp-json\/wp\/v2\/media\/368426"}],"wp:attachment":[{"href":"https:\/\/www.arclite-shop.de\/it\/wp-json\/wp\/v2\/media?parent=342900"}],"wp:term":[{"taxonomy":"product_brand","embeddable":true,"href":"https:\/\/www.arclite-shop.de\/it\/wp-json\/wp\/v2\/product_brand?post=342900"},{"taxonomy":"product_cat","embeddable":true,"href":"https:\/\/www.arclite-shop.de\/it\/wp-json\/wp\/v2\/product_cat?post=342900"},{"taxonomy":"product_tag","embeddable":true,"href":"https:\/\/www.arclite-shop.de\/it\/wp-json\/wp\/v2\/product_tag?post=342900"}],"curies":[{"name":"wp","href":"https:\/\/api.w.org\/{rel}","templated":true}]}}