{"id":342897,"date":"2024-10-31T10:37:24","date_gmt":"2024-10-31T09:37:24","guid":{"rendered":"https:\/\/www.arclite-shop.de\/produkt\/73-28003805\/"},"modified":"2026-04-18T16:55:39","modified_gmt":"2026-04-18T14:55:39","slug":"73-28003805","status":"publish","type":"product","link":"https:\/\/www.arclite-shop.de\/it\/produkt\/73-28003805\/","title":{"rendered":"TRIDONIC Celle di Fosfato di Litio Ferro PACK-LiFePO4 3.0Ah 2 CON 28003805"},"content":{"rendered":"<p>Hochtemperatur LiFePO4-Zellen f\u00fcr den Einsatz mit Notlichtger\u00e4ten, Eingebaute Schutzfunktionen, Elektronisch geregeltes Temperaturmanagement, Gute Ladeeigenschaften bei hoher Temperatur, Geeignet f\u00fcr Notlichtbetriebsger\u00e4te gem\u00e4\u00df Norm IEC 60598-2-22.<\/p>\n","protected":false},"excerpt":{"rendered":"<p>Hochtemperatur LiFePO4-Zellen f\u00fcr den Einsatz mit Notlichtger\u00e4ten, Eingebaute Schutzfunktionen, Elektronisch geregeltes Temperaturmanagement, Gute Ladeeigenschaften bei hoher Temperatur, Geeignet f\u00fcr Notlichtbetriebsger\u00e4te gem\u00e4\u00df Norm IEC 60598-2-22.<\/p>\n","protected":false},"featured_media":368434,"template":"","meta":[],"product_brand":[],"product_cat":[85125],"product_tag":[],"class_list":{"0":"post-342897","1":"product","2":"type-product","3":"status-publish","4":"has-post-thumbnail","6":"product_cat-akku","8":"first","9":"instock","10":"taxable","11":"shipping-taxable","12":"product-type-simple"},"_links":{"self":[{"href":"https:\/\/www.arclite-shop.de\/it\/wp-json\/wp\/v2\/product\/342897","targetHints":{"allow":["GET"]}}],"collection":[{"href":"https:\/\/www.arclite-shop.de\/it\/wp-json\/wp\/v2\/product"}],"about":[{"href":"https:\/\/www.arclite-shop.de\/it\/wp-json\/wp\/v2\/types\/product"}],"wp:featuredmedia":[{"embeddable":true,"href":"https:\/\/www.arclite-shop.de\/it\/wp-json\/wp\/v2\/media\/368434"}],"wp:attachment":[{"href":"https:\/\/www.arclite-shop.de\/it\/wp-json\/wp\/v2\/media?parent=342897"}],"wp:term":[{"taxonomy":"product_brand","embeddable":true,"href":"https:\/\/www.arclite-shop.de\/it\/wp-json\/wp\/v2\/product_brand?post=342897"},{"taxonomy":"product_cat","embeddable":true,"href":"https:\/\/www.arclite-shop.de\/it\/wp-json\/wp\/v2\/product_cat?post=342897"},{"taxonomy":"product_tag","embeddable":true,"href":"https:\/\/www.arclite-shop.de\/it\/wp-json\/wp\/v2\/product_tag?post=342897"}],"curies":[{"name":"wp","href":"https:\/\/api.w.org\/{rel}","templated":true}]}}