{"id":342889,"date":"2024-10-31T10:37:19","date_gmt":"2024-10-31T09:37:19","guid":{"rendered":"https:\/\/www.arclite-shop.de\/produkt\/73-28003778\/"},"modified":"2026-04-18T16:55:55","modified_gmt":"2026-04-18T14:55:55","slug":"73-28003778","status":"publish","type":"product","link":"https:\/\/www.arclite-shop.de\/it\/produkt\/73-28003778\/","title":{"rendered":"Controllo illuminazione multicanale TRIDONIC scena COM evo DA2 28003778"},"content":{"rendered":"<p>Mehrkanal-Lichtsteuerung, Single Master DALI-2 Application Controller, Unabh\u00e4ngige Lichtsteuerung f\u00fcr bis zu 192 DALI Ger\u00e4te an 3 DALI-Linien, Kompatibel mit MSensor G3 und XC G3 DALI-2 Ger\u00e4ten, Einfache Konfiguration \u00fcber WEB Schnittstelle, DALI-Kreis \u00fcbergreifend steuern m\u00f6glich.<\/p>\n","protected":false},"excerpt":{"rendered":"<p>Mehrkanal-Lichtsteuerung, Single Master DALI-2 Application Controller, Unabh\u00e4ngige Lichtsteuerung f\u00fcr bis zu 192 DALI Ger\u00e4te an 3 DALI-Linien, Kompatibel mit MSensor G3 und XC G3 DALI-2 Ger\u00e4ten, Einfache Konfiguration \u00fcber WEB Schnittstelle, DALI-Kreis \u00fcbergreifend steuern m\u00f6glich.<\/p>\n","protected":false},"featured_media":368444,"template":"","meta":[],"product_brand":[],"product_cat":[84959],"product_tag":[],"class_list":{"0":"post-342889","1":"product","2":"type-product","3":"status-publish","4":"has-post-thumbnail","6":"product_cat-lichtregelsystemkomponente","8":"first","9":"instock","10":"taxable","11":"shipping-taxable","12":"product-type-simple"},"_links":{"self":[{"href":"https:\/\/www.arclite-shop.de\/it\/wp-json\/wp\/v2\/product\/342889","targetHints":{"allow":["GET"]}}],"collection":[{"href":"https:\/\/www.arclite-shop.de\/it\/wp-json\/wp\/v2\/product"}],"about":[{"href":"https:\/\/www.arclite-shop.de\/it\/wp-json\/wp\/v2\/types\/product"}],"wp:featuredmedia":[{"embeddable":true,"href":"https:\/\/www.arclite-shop.de\/it\/wp-json\/wp\/v2\/media\/368444"}],"wp:attachment":[{"href":"https:\/\/www.arclite-shop.de\/it\/wp-json\/wp\/v2\/media?parent=342889"}],"wp:term":[{"taxonomy":"product_brand","embeddable":true,"href":"https:\/\/www.arclite-shop.de\/it\/wp-json\/wp\/v2\/product_brand?post=342889"},{"taxonomy":"product_cat","embeddable":true,"href":"https:\/\/www.arclite-shop.de\/it\/wp-json\/wp\/v2\/product_cat?post=342889"},{"taxonomy":"product_tag","embeddable":true,"href":"https:\/\/www.arclite-shop.de\/it\/wp-json\/wp\/v2\/product_tag?post=342889"}],"curies":[{"name":"wp","href":"https:\/\/api.w.org\/{rel}","templated":true}]}}