{"id":342882,"date":"2024-10-31T10:37:15","date_gmt":"2024-10-31T09:37:15","guid":{"rendered":"https:\/\/www.arclite-shop.de\/produkt\/73-28002802\/"},"modified":"2026-04-18T16:56:19","modified_gmt":"2026-04-18T14:56:19","slug":"73-28002802","status":"publish","type":"product","link":"https:\/\/www.arclite-shop.de\/it\/produkt\/73-28002802\/","title":{"rendered":"Accessori meccanici TRIDONIC per alloggiamenti sensori bDW rs 28002802"},"content":{"rendered":"<p>Befestigungstyp: Oberfl\u00e4chenmontiert, Produktfarbe: Wei\u00df. Breite: 85 mm, Tiefe: 85 mm, H\u00f6he: 56 mm<\/p>\n","protected":false},"excerpt":{"rendered":"<p>Befestigungstyp: Oberfl\u00e4chenmontiert, Produktfarbe: Wei\u00df. Breite: 85 mm, Tiefe: 85 mm, H\u00f6he: 56 mm<\/p>\n","protected":false},"featured_media":368456,"template":"","meta":[],"product_brand":[],"product_cat":[84899],"product_tag":[],"class_list":{"0":"post-342882","1":"product","2":"type-product","3":"status-publish","4":"has-post-thumbnail","6":"product_cat-zubehoer-ersatzteile-fuer-led-betriebsgeraete-und-module","8":"first","9":"instock","10":"taxable","11":"shipping-taxable","12":"product-type-simple"},"_links":{"self":[{"href":"https:\/\/www.arclite-shop.de\/it\/wp-json\/wp\/v2\/product\/342882","targetHints":{"allow":["GET"]}}],"collection":[{"href":"https:\/\/www.arclite-shop.de\/it\/wp-json\/wp\/v2\/product"}],"about":[{"href":"https:\/\/www.arclite-shop.de\/it\/wp-json\/wp\/v2\/types\/product"}],"wp:featuredmedia":[{"embeddable":true,"href":"https:\/\/www.arclite-shop.de\/it\/wp-json\/wp\/v2\/media\/368456"}],"wp:attachment":[{"href":"https:\/\/www.arclite-shop.de\/it\/wp-json\/wp\/v2\/media?parent=342882"}],"wp:term":[{"taxonomy":"product_brand","embeddable":true,"href":"https:\/\/www.arclite-shop.de\/it\/wp-json\/wp\/v2\/product_brand?post=342882"},{"taxonomy":"product_cat","embeddable":true,"href":"https:\/\/www.arclite-shop.de\/it\/wp-json\/wp\/v2\/product_cat?post=342882"},{"taxonomy":"product_tag","embeddable":true,"href":"https:\/\/www.arclite-shop.de\/it\/wp-json\/wp\/v2\/product_tag?post=342882"}],"curies":[{"name":"wp","href":"https:\/\/api.w.org\/{rel}","templated":true}]}}