{"id":342866,"date":"2024-10-31T10:37:07","date_gmt":"2024-10-31T09:37:07","guid":{"rendered":"https:\/\/www.arclite-shop.de\/produkt\/73-28001873\/"},"modified":"2026-04-18T16:56:39","modified_gmt":"2026-04-18T14:56:39","slug":"73-28001873","status":"publish","type":"product","link":"https:\/\/www.arclite-shop.de\/it\/produkt\/73-28001873\/","title":{"rendered":"TRIDONIC Accessori Meccanici Involucro Sensore ACU 032 IP66 WH 28001873"},"content":{"rendered":"<p>Montagerahmen f\u00fcr verdrahtete MSensor G3 SFI 30 PIR 10DPI WH Sensoren zur direkten Befestigung an der Decke, Leichte \u201eclick in\u201c Installation des Sensors, IP66, Geh\u00e4use: Polycarbonat, wei\u00df, UV-stabilisierter Kunststoff, MSensor G3 SFI 30 PIR 10DPI WH wird \u00fcber DALI versorgt, Optionale Abdeckung zur Reduzierung des Bewegungserkennungsbereiches. Der Bereich, in dem Bewegung erkannt wird, kann somit von 360\u00b0 auf 240\u00b0 verringert werden., Befestingungssatz mit Schrauben und dekorativen Steckern, Inklusive Dichtung f\u00fcr idealen IP-Schutz, Geh\u00e4use getestet mit Gl\u00fchdrahttest nach EN 61347-1 und mit 850 \u00b0C bestanden<\/p>\n","protected":false},"excerpt":{"rendered":"<p>Montagerahmen f\u00fcr verdrahtete MSensor G3 SFI 30 PIR 10DPI WH Sensoren zur direkten Befestigung an der Decke, Leichte \u201eclick in\u201c Installation des Sensors, IP66, Geh\u00e4use: Polycarbonat, wei\u00df, UV-stabilisierter Kunststoff, MSensor G3 SFI 30 PIR 10DPI WH wird \u00fcber DALI versorgt,<span class=\"excerpt-hellip\"> [\u2026]<\/span><\/p>\n","protected":false},"featured_media":368468,"template":"","meta":[],"product_brand":[],"product_cat":[84899],"product_tag":[],"class_list":{"0":"post-342866","1":"product","2":"type-product","3":"status-publish","4":"has-post-thumbnail","6":"product_cat-zubehoer-ersatzteile-fuer-led-betriebsgeraete-und-module","8":"first","9":"instock","10":"taxable","11":"shipping-taxable","12":"product-type-simple"},"_links":{"self":[{"href":"https:\/\/www.arclite-shop.de\/it\/wp-json\/wp\/v2\/product\/342866","targetHints":{"allow":["GET"]}}],"collection":[{"href":"https:\/\/www.arclite-shop.de\/it\/wp-json\/wp\/v2\/product"}],"about":[{"href":"https:\/\/www.arclite-shop.de\/it\/wp-json\/wp\/v2\/types\/product"}],"wp:featuredmedia":[{"embeddable":true,"href":"https:\/\/www.arclite-shop.de\/it\/wp-json\/wp\/v2\/media\/368468"}],"wp:attachment":[{"href":"https:\/\/www.arclite-shop.de\/it\/wp-json\/wp\/v2\/media?parent=342866"}],"wp:term":[{"taxonomy":"product_brand","embeddable":true,"href":"https:\/\/www.arclite-shop.de\/it\/wp-json\/wp\/v2\/product_brand?post=342866"},{"taxonomy":"product_cat","embeddable":true,"href":"https:\/\/www.arclite-shop.de\/it\/wp-json\/wp\/v2\/product_cat?post=342866"},{"taxonomy":"product_tag","embeddable":true,"href":"https:\/\/www.arclite-shop.de\/it\/wp-json\/wp\/v2\/product_tag?post=342866"}],"curies":[{"name":"wp","href":"https:\/\/api.w.org\/{rel}","templated":true}]}}