{"id":342864,"date":"2024-10-31T10:37:06","date_gmt":"2024-10-31T09:37:06","guid":{"rendered":"https:\/\/www.arclite-shop.de\/produkt\/73-28001872\/"},"modified":"2026-04-18T16:56:44","modified_gmt":"2026-04-18T14:56:44","slug":"73-28001872","status":"publish","type":"product","link":"https:\/\/www.arclite-shop.de\/it\/produkt\/73-28001872\/","title":{"rendered":"TRIDONIC Accessori meccanici Involucro sensore ACU 14rs IP20 28001872"},"content":{"rendered":"<p>Montagerahmen f\u00fcr verdrahtete 5DP 14f Sensoren zur direkten Befestigung an der Decke, Leichte \u201eclick in\u201c Installation des Sensors, IP20, Geh\u00e4use: Kunststoff, wei\u00df, UV-stabilisierter Kunststoff, Der DALI MSensor 5DPI 14 wird \u00fcber DALI versorgt, basicDIM DGC Sensor 5DPI 14f wird \u00fcber die Steuereinheit versorgt, Optionale Abdeckung zur Reduzierung des Bewegungserkennungsbereiches. Der Bereich, in dem Bewegung erkannt wird, kann somit von 360\u00b0 auf 240\u00b0 verringert werden., Befestingungssatz mit Schrauben und dekorativen Steckern, 0, 5 mm\u00b2 Verdrahtung f\u00fcr den Sensor, Zwei 3 x 1, 5 mm\u00b2 Klemmen mit Kabeleinf\u00fchrung (2 Durchf\u00fchrungen auf der Vorderseite), Gl\u00fchdrahttest nach EN 61347-1 mit 750 \u00b0C bestanden<\/p>\n","protected":false},"excerpt":{"rendered":"<p>Montagerahmen f\u00fcr verdrahtete 5DP 14f Sensoren zur direkten Befestigung an der Decke, Leichte \u201eclick in\u201c Installation des Sensors, IP20, Geh\u00e4use: Kunststoff, wei\u00df, UV-stabilisierter Kunststoff, Der DALI MSensor 5DPI 14 wird \u00fcber DALI versorgt, basicDIM DGC Sensor 5DPI 14f wird \u00fcber<span class=\"excerpt-hellip\"> [\u2026]<\/span><\/p>\n","protected":false},"featured_media":368470,"template":"","meta":[],"product_brand":[],"product_cat":[84899],"product_tag":[],"class_list":{"0":"post-342864","1":"product","2":"type-product","3":"status-publish","4":"has-post-thumbnail","6":"product_cat-zubehoer-ersatzteile-fuer-led-betriebsgeraete-und-module","8":"first","9":"outofstock","10":"taxable","11":"shipping-taxable","12":"product-type-simple"},"_links":{"self":[{"href":"https:\/\/www.arclite-shop.de\/it\/wp-json\/wp\/v2\/product\/342864","targetHints":{"allow":["GET"]}}],"collection":[{"href":"https:\/\/www.arclite-shop.de\/it\/wp-json\/wp\/v2\/product"}],"about":[{"href":"https:\/\/www.arclite-shop.de\/it\/wp-json\/wp\/v2\/types\/product"}],"wp:featuredmedia":[{"embeddable":true,"href":"https:\/\/www.arclite-shop.de\/it\/wp-json\/wp\/v2\/media\/368470"}],"wp:attachment":[{"href":"https:\/\/www.arclite-shop.de\/it\/wp-json\/wp\/v2\/media?parent=342864"}],"wp:term":[{"taxonomy":"product_brand","embeddable":true,"href":"https:\/\/www.arclite-shop.de\/it\/wp-json\/wp\/v2\/product_brand?post=342864"},{"taxonomy":"product_cat","embeddable":true,"href":"https:\/\/www.arclite-shop.de\/it\/wp-json\/wp\/v2\/product_cat?post=342864"},{"taxonomy":"product_tag","embeddable":true,"href":"https:\/\/www.arclite-shop.de\/it\/wp-json\/wp\/v2\/product_tag?post=342864"}],"curies":[{"name":"wp","href":"https:\/\/api.w.org\/{rel}","templated":true}]}}