{"id":342708,"date":"2024-10-31T10:35:40","date_gmt":"2024-10-31T09:35:40","guid":{"rendered":"https:\/\/www.arclite-shop.de\/produkt\/73-89800600\/"},"modified":"2026-04-18T17:00:57","modified_gmt":"2026-04-18T15:00:57","slug":"73-89800600","status":"publish","type":"product","link":"https:\/\/www.arclite-shop.de\/it\/produkt\/73-89800600\/","title":{"rendered":"TRIDONIC Modulo di Controllo Illuminazione d'Emergenza EM PowerLED BASIC FX 2 lp 75W 220V 89800600"},"content":{"rendered":"<p>Fixed-Output-LED-Treiber f\u00fcr den Netzbetrieb, Notlicht-LED-Treiber mit manueller Testfunktion, F\u00fcr einzelbatterieversorgte Notbeleuchtung, F\u00fcr LED-Module mit einer Vorw\u00e4rtsspannung von 50 \u2013 220 V, F\u00fcr Leuchteneinbau, \u201eLow profile\u201c-Querschnitt (21 x 30 mm), 5 Jahre Garantie, 6 \u2013 75 W Ausgangsleistung, Konstantstrom-LED-Betrieb, Ausgangsstrom einstellbar zwischen 100 \u2013 400 mA mit ready2mains Programmer oder I-SELECT 2 Plugs, Integrierte Notlichteinheit, 1 oder 3 h Bemessungsbetriebsdauer, Automatische Abschaltung des Ausgangs, wenn sich die LED-Last au\u00dferhalb des zul\u00e4ssigen Bereichs befindet, Gr\u00fcne LED zur Ladestatusanzeige, Elektronisches Ladesystem, Verpolungsschutz f\u00fcr Akku, Tiefentladeschutz, Kurzschlussfester Akku-Anschluss, Hochtemperaturzellen, NiCd- oder NiMH-Akkus, D-, Cs- oder LAL-Zellen, 4 Jahre erwartete Lebensdauer, 1 Jahr Garantie, F\u00fcr Akkukompatibilit\u00e4t siehe Datenblatt, Auswahl Akku<\/p>\n","protected":false},"excerpt":{"rendered":"<p>Fixed-Output-LED-Treiber f\u00fcr den Netzbetrieb, Notlicht-LED-Treiber mit manueller Testfunktion, F\u00fcr einzelbatterieversorgte Notbeleuchtung, F\u00fcr LED-Module mit einer Vorw\u00e4rtsspannung von 50 \u2013 220 V, F\u00fcr Leuchteneinbau, \u201eLow profile\u201c-Querschnitt (21 x 30 mm), 5 Jahre Garantie, 6 \u2013 75 W Ausgangsleistung, Konstantstrom-LED-Betrieb, Ausgangsstrom einstellbar<span class=\"excerpt-hellip\"> [\u2026]<\/span><\/p>\n","protected":false},"featured_media":368514,"template":"","meta":[],"product_brand":[],"product_cat":[85190],"product_tag":[],"class_list":{"0":"post-342708","1":"product","2":"type-product","3":"status-publish","4":"has-post-thumbnail","6":"product_cat-notlichtversorgungszentrale","8":"first","9":"instock","10":"taxable","11":"shipping-taxable","12":"product-type-simple"},"_links":{"self":[{"href":"https:\/\/www.arclite-shop.de\/it\/wp-json\/wp\/v2\/product\/342708","targetHints":{"allow":["GET"]}}],"collection":[{"href":"https:\/\/www.arclite-shop.de\/it\/wp-json\/wp\/v2\/product"}],"about":[{"href":"https:\/\/www.arclite-shop.de\/it\/wp-json\/wp\/v2\/types\/product"}],"wp:featuredmedia":[{"embeddable":true,"href":"https:\/\/www.arclite-shop.de\/it\/wp-json\/wp\/v2\/media\/368514"}],"wp:attachment":[{"href":"https:\/\/www.arclite-shop.de\/it\/wp-json\/wp\/v2\/media?parent=342708"}],"wp:term":[{"taxonomy":"product_brand","embeddable":true,"href":"https:\/\/www.arclite-shop.de\/it\/wp-json\/wp\/v2\/product_brand?post=342708"},{"taxonomy":"product_cat","embeddable":true,"href":"https:\/\/www.arclite-shop.de\/it\/wp-json\/wp\/v2\/product_cat?post=342708"},{"taxonomy":"product_tag","embeddable":true,"href":"https:\/\/www.arclite-shop.de\/it\/wp-json\/wp\/v2\/product_tag?post=342708"}],"curies":[{"name":"wp","href":"https:\/\/api.w.org\/{rel}","templated":true}]}}