{"id":342702,"date":"2024-10-31T10:35:35","date_gmt":"2024-10-31T09:35:35","guid":{"rendered":"https:\/\/www.arclite-shop.de\/produkt\/73-89800656\/"},"modified":"2026-04-18T17:02:06","modified_gmt":"2026-04-18T15:02:06","slug":"73-89800656","status":"publish","type":"product","link":"https:\/\/www.arclite-shop.de\/it\/produkt\/73-89800656\/","title":{"rendered":"Convertitore TRIDONIC EM Unit\u00e0 di controllo illuminazione d'emergenza LED ST 20NiCd\/NiMH 250V 89800656"},"content":{"rendered":"<p>Einzelbatterieversorgter Notlicht-LED-Treiber mit Selbsttestfunktion, Bereitschaftsbetrieb, F\u00fcr LED-Module mit einer Vorw\u00e4rtsspannung von 48 \u2013 250 V, F\u00fcr Leuchteneinbau, Nominale Lebensdauer bis zu 100.000 h, 5 Jahre Garantie, 1, 2 oder 3 h Bemessungsbetriebsdauer mit Duration Link w\u00e4hlbar, Konstante Ausgangsleistung, {nobullet} Selbsttest:, W\u00f6chentlicher Funktionstest, J\u00e4hrlicher Betriebsdauertest, 3-Pol-Technologie: 2-polige Umschaltung des LED-Moduls und verz\u00f6gerte Netzzuschaltung f\u00fcr den LED-Treiber, F\u00fcr weitere Informationen siehe Datenblatt, Kompatibilit\u00e4t mit LED-Treiber, Intelligentes Ladesystem, Tiefentladeschutz, Verpolungsschutz f\u00fcr Akku, NiCd- oder NiMH-Akkus, 4 Jahre erwartete Lebensdauer, 1 Jahr Garantie, F\u00fcr Akkukompatibilit\u00e4t siehe Datenblatt, Auswahl Akku<\/p>\n","protected":false},"excerpt":{"rendered":"<p>Einzelbatterieversorgter Notlicht-LED-Treiber mit Selbsttestfunktion, Bereitschaftsbetrieb, F\u00fcr LED-Module mit einer Vorw\u00e4rtsspannung von 48 \u2013 250 V, F\u00fcr Leuchteneinbau, Nominale Lebensdauer bis zu 100.000 h, 5 Jahre Garantie, 1, 2 oder 3 h Bemessungsbetriebsdauer mit Duration Link w\u00e4hlbar, Konstante Ausgangsleistung, {nobullet} Selbsttest:,<span class=\"excerpt-hellip\"> [\u2026]<\/span><\/p>\n","protected":false},"featured_media":368510,"template":"","meta":[],"product_brand":[],"product_cat":[85190],"product_tag":[],"class_list":{"0":"post-342702","1":"product","2":"type-product","3":"status-publish","4":"has-post-thumbnail","6":"product_cat-notlichtversorgungszentrale","8":"first","9":"instock","10":"taxable","11":"shipping-taxable","12":"product-type-simple"},"_links":{"self":[{"href":"https:\/\/www.arclite-shop.de\/it\/wp-json\/wp\/v2\/product\/342702","targetHints":{"allow":["GET"]}}],"collection":[{"href":"https:\/\/www.arclite-shop.de\/it\/wp-json\/wp\/v2\/product"}],"about":[{"href":"https:\/\/www.arclite-shop.de\/it\/wp-json\/wp\/v2\/types\/product"}],"wp:featuredmedia":[{"embeddable":true,"href":"https:\/\/www.arclite-shop.de\/it\/wp-json\/wp\/v2\/media\/368510"}],"wp:attachment":[{"href":"https:\/\/www.arclite-shop.de\/it\/wp-json\/wp\/v2\/media?parent=342702"}],"wp:term":[{"taxonomy":"product_brand","embeddable":true,"href":"https:\/\/www.arclite-shop.de\/it\/wp-json\/wp\/v2\/product_brand?post=342702"},{"taxonomy":"product_cat","embeddable":true,"href":"https:\/\/www.arclite-shop.de\/it\/wp-json\/wp\/v2\/product_cat?post=342702"},{"taxonomy":"product_tag","embeddable":true,"href":"https:\/\/www.arclite-shop.de\/it\/wp-json\/wp\/v2\/product_tag?post=342702"}],"curies":[{"name":"wp","href":"https:\/\/api.w.org\/{rel}","templated":true}]}}