{"id":342657,"date":"2024-10-31T10:35:11","date_gmt":"2024-10-31T09:35:11","guid":{"rendered":"https:\/\/www.arclite-shop.de\/produkt\/73-89818655\/"},"modified":"2026-04-18T17:03:14","modified_gmt":"2026-04-18T15:03:14","slug":"73-89818655","status":"publish","type":"product","link":"https:\/\/www.arclite-shop.de\/it\/produkt\/73-89818655\/","title":{"rendered":"Modulo di Controllo dell'Illuminazione d'Emergenza TRIDONIC EM 3 BASIC 89818655"},"content":{"rendered":"<p>Notlichtbetriebsger\u00e4t f\u00fcr manuellen Test, F\u00fcr Linear- und Kompaktleuchtstofflampen, Kleine Abmessungen (28 x 39 mm Querschnitt), 5 Jahre Garantie, 1 oder 3 h Bemessungsbetriebsdauer, Kompatibel mit allen elektronischen Vorschaltger\u00e4ten (dimmbar und nicht dimmbar), Auch in Kombination mit konventionellen, magnetischen Vorschaltger\u00e4ten einsetzbar, 5-Pol-Technologie: 4-polige Umschaltung der Lampe und verz\u00f6gerte Netzzuschaltung f\u00fcr das Vorschaltger\u00e4t, Optimierte AC-Ausgangsspannung f\u00fcr TC-DD- und TC-L-Lampen, Optimierte DC-Ausgangsspannung f\u00fcr T8-Lampen, Kathodenheizung angepasst f\u00fcr Kompaktlampen, Umschaltrelais mit Hochstromkontakten, IDC-Schneid-Steckklemme, Gr\u00fcne LED zur Ladestatusanzeige, \u00dcberpr\u00fcfung der Notlichtfunktion durch Unterbrechung der ungeschalteten Phase, Optionaler Pr\u00fcftaster, Tiefentladeschutz, Akku-Anschluss kurzschlussgesch\u00fctzt (nicht reversibel), Verpolungsschutz f\u00fcr Akku, Hochtemperaturzellen, NiCd-Akkus, D-Zellen, Flachstecker f\u00fcr einfachen Anschluss, 4 Jahre erwartete Lebensdauer, 1 Jahr Garantie, F\u00fcr Akkukompatibilit\u00e4t siehe Datenblatt<\/p>\n","protected":false},"excerpt":{"rendered":"<p>Notlichtbetriebsger\u00e4t f\u00fcr manuellen Test, F\u00fcr Linear- und Kompaktleuchtstofflampen, Kleine Abmessungen (28 x 39 mm Querschnitt), 5 Jahre Garantie, 1 oder 3 h Bemessungsbetriebsdauer, Kompatibel mit allen elektronischen Vorschaltger\u00e4ten (dimmbar und nicht dimmbar), Auch in Kombination mit konventionellen, magnetischen Vorschaltger\u00e4ten einsetzbar,<span class=\"excerpt-hellip\"> [\u2026]<\/span><\/p>\n","protected":false},"featured_media":368533,"template":"","meta":[],"product_brand":[],"product_cat":[85190],"product_tag":[],"class_list":{"0":"post-342657","1":"product","2":"type-product","3":"status-publish","4":"has-post-thumbnail","6":"product_cat-notlichtversorgungszentrale","8":"first","9":"instock","10":"taxable","11":"shipping-taxable","12":"product-type-simple"},"_links":{"self":[{"href":"https:\/\/www.arclite-shop.de\/it\/wp-json\/wp\/v2\/product\/342657","targetHints":{"allow":["GET"]}}],"collection":[{"href":"https:\/\/www.arclite-shop.de\/it\/wp-json\/wp\/v2\/product"}],"about":[{"href":"https:\/\/www.arclite-shop.de\/it\/wp-json\/wp\/v2\/types\/product"}],"wp:featuredmedia":[{"embeddable":true,"href":"https:\/\/www.arclite-shop.de\/it\/wp-json\/wp\/v2\/media\/368533"}],"wp:attachment":[{"href":"https:\/\/www.arclite-shop.de\/it\/wp-json\/wp\/v2\/media?parent=342657"}],"wp:term":[{"taxonomy":"product_brand","embeddable":true,"href":"https:\/\/www.arclite-shop.de\/it\/wp-json\/wp\/v2\/product_brand?post=342657"},{"taxonomy":"product_cat","embeddable":true,"href":"https:\/\/www.arclite-shop.de\/it\/wp-json\/wp\/v2\/product_cat?post=342657"},{"taxonomy":"product_tag","embeddable":true,"href":"https:\/\/www.arclite-shop.de\/it\/wp-json\/wp\/v2\/product_tag?post=342657"}],"curies":[{"name":"wp","href":"https:\/\/api.w.org\/{rel}","templated":true}]}}