{"id":342649,"date":"2024-10-31T10:35:05","date_gmt":"2024-10-31T09:35:05","guid":{"rendered":"https:\/\/www.arclite-shop.de\/produkt\/73-28002461\/"},"modified":"2026-04-18T17:03:32","modified_gmt":"2026-04-18T15:03:32","slug":"73-28002461","status":"publish","type":"product","link":"https:\/\/www.arclite-shop.de\/it\/produkt\/73-28002461\/","title":{"rendered":"Cavo accessorio TRIDONIC per batteria LiFePO4 500mm 28002461"},"content":{"rendered":"<p>Verl\u00e4ngerungskabel f\u00fcr LiFePO4-Akkus, Kabell\u00e4nge 500 mm, 3-Pol-Steckverbindung<\/p>\n","protected":false},"excerpt":{"rendered":"<p>Verl\u00e4ngerungskabel f\u00fcr LiFePO4-Akkus, Kabell\u00e4nge 500 mm, 3-Pol-Steckverbindung<\/p>\n","protected":false},"featured_media":368549,"template":"","meta":[],"product_brand":[],"product_cat":[84574],"product_tag":[],"class_list":{"0":"post-342649","1":"product","2":"type-product","3":"status-publish","4":"has-post-thumbnail","6":"product_cat-elektrisches-zubehoer-ersatzteile-fuer-leuchten","8":"first","9":"instock","10":"taxable","11":"shipping-taxable","12":"product-type-simple"},"_links":{"self":[{"href":"https:\/\/www.arclite-shop.de\/it\/wp-json\/wp\/v2\/product\/342649","targetHints":{"allow":["GET"]}}],"collection":[{"href":"https:\/\/www.arclite-shop.de\/it\/wp-json\/wp\/v2\/product"}],"about":[{"href":"https:\/\/www.arclite-shop.de\/it\/wp-json\/wp\/v2\/types\/product"}],"wp:featuredmedia":[{"embeddable":true,"href":"https:\/\/www.arclite-shop.de\/it\/wp-json\/wp\/v2\/media\/368549"}],"wp:attachment":[{"href":"https:\/\/www.arclite-shop.de\/it\/wp-json\/wp\/v2\/media?parent=342649"}],"wp:term":[{"taxonomy":"product_brand","embeddable":true,"href":"https:\/\/www.arclite-shop.de\/it\/wp-json\/wp\/v2\/product_brand?post=342649"},{"taxonomy":"product_cat","embeddable":true,"href":"https:\/\/www.arclite-shop.de\/it\/wp-json\/wp\/v2\/product_cat?post=342649"},{"taxonomy":"product_tag","embeddable":true,"href":"https:\/\/www.arclite-shop.de\/it\/wp-json\/wp\/v2\/product_tag?post=342649"}],"curies":[{"name":"wp","href":"https:\/\/api.w.org\/{rel}","templated":true}]}}