{"id":342640,"date":"2024-10-31T10:35:00","date_gmt":"2024-10-31T09:35:00","guid":{"rendered":"https:\/\/www.arclite-shop.de\/produkt\/73-28000676\/"},"modified":"2026-04-18T17:03:47","modified_gmt":"2026-04-18T15:03:47","slug":"73-28000676","status":"publish","type":"product","link":"https:\/\/www.arclite-shop.de\/it\/produkt\/73-28000676\/","title":{"rendered":"TRIDONIC Driver LED a corrente costante LCA 45W 500-1400mA one4all SC PRE 28000676"},"content":{"rendered":"<p>Dimmbarer Konstantstrom-LED-Treiber f\u00fcr den Leuchteneinbau, Kann als Leuchteneinbau oder unabh\u00e4ngiger LED-Treiber mit aufschnappbarer Zugentlastung verwendet werden (siehe Zubeh\u00f6r), Dimmbereich von 1 \u2013 100 %, F\u00fcr Leuchten der Schutzklasse I und der Schutzklasse II, Ausgangsstrom einstellbar zwischen 500 \u2013 1.400 mA, Max. Ausgangsleistung 45 W, Bis zu 91 % Effizienz, Leistungsaufnahme im Stand-by &lt; 0, 15 W, Nominale Lebensdauer bis zu 100.000 h, 5 Jahre Garantie, Geh\u00e4use: Polycarbonat, wei\u00df, Schutzart IP20, one4all (DALI-2 DT 6, DSI, switchDIM, corridorFUNCTION), ready2mains (Konfigurieren und Dimmen \u00fcber Netz), Klemmen: 45\u00b0 Steckklemmen, Einstellbarer Ausgangsstrom in 1-mA-Schritten (DALI, ready2mains, I-SELECT 2), Constant Light Output Funktion (CLO), Power-up Fading bei AC, Konfigurieren \u00fcber ready2mains, Servicemonitor protokolliert bestimmte Ereignisse, Schutzfunktionen (\u00dcbertemperatur, Kurzschluss, \u00dcberlast, Leerlauf, Eingangsspannungsbereich, reduzierte Sto\u00dfstromverst\u00e4rkung), Intelligent Voltage Guard (\u00dcberspannungs- und Unterspannungs\u00fcberwachung), Geeignet f\u00fcr Sicherheitsbeleuchtungsanlagen gem\u00e4\u00df EN 50172, Anwendungsorientiertes Betriebsfenster f\u00fcr max. Kompatibilit\u00e4t, Hohe Energieeinsparungen durch geringe Stand-by-Verluste und hohe Effizienz, Flexible Konfiguration \u00fcber DALI, ready2mains und I-SELECT 2, F\u00fcr Linear- und Fl\u00e4chenbeleuchtung in B\u00fcroanwendungen<\/p>\n","protected":false},"excerpt":{"rendered":"<p>Dimmbarer Konstantstrom-LED-Treiber f\u00fcr den Leuchteneinbau, Kann als Leuchteneinbau oder unabh\u00e4ngiger LED-Treiber mit aufschnappbarer Zugentlastung verwendet werden (siehe Zubeh\u00f6r), Dimmbereich von 1 \u2013 100 %, F\u00fcr Leuchten der Schutzklasse I und der Schutzklasse II, Ausgangsstrom einstellbar zwischen 500 \u2013 1.400 mA,<span class=\"excerpt-hellip\"> [\u2026]<\/span><\/p>\n","protected":false},"featured_media":368555,"template":"","meta":[],"product_brand":[],"product_cat":[84574],"product_tag":[],"class_list":{"0":"post-342640","1":"product","2":"type-product","3":"status-publish","4":"has-post-thumbnail","6":"product_cat-elektrisches-zubehoer-ersatzteile-fuer-leuchten","8":"first","9":"outofstock","10":"taxable","11":"shipping-taxable","12":"product-type-simple"},"_links":{"self":[{"href":"https:\/\/www.arclite-shop.de\/it\/wp-json\/wp\/v2\/product\/342640","targetHints":{"allow":["GET"]}}],"collection":[{"href":"https:\/\/www.arclite-shop.de\/it\/wp-json\/wp\/v2\/product"}],"about":[{"href":"https:\/\/www.arclite-shop.de\/it\/wp-json\/wp\/v2\/types\/product"}],"wp:featuredmedia":[{"embeddable":true,"href":"https:\/\/www.arclite-shop.de\/it\/wp-json\/wp\/v2\/media\/368555"}],"wp:attachment":[{"href":"https:\/\/www.arclite-shop.de\/it\/wp-json\/wp\/v2\/media?parent=342640"}],"wp:term":[{"taxonomy":"product_brand","embeddable":true,"href":"https:\/\/www.arclite-shop.de\/it\/wp-json\/wp\/v2\/product_brand?post=342640"},{"taxonomy":"product_cat","embeddable":true,"href":"https:\/\/www.arclite-shop.de\/it\/wp-json\/wp\/v2\/product_cat?post=342640"},{"taxonomy":"product_tag","embeddable":true,"href":"https:\/\/www.arclite-shop.de\/it\/wp-json\/wp\/v2\/product_tag?post=342640"}],"curies":[{"name":"wp","href":"https:\/\/api.w.org\/{rel}","templated":true}]}}