{"id":342580,"date":"2024-10-31T10:34:25","date_gmt":"2024-10-31T09:34:25","guid":{"rendered":"https:\/\/www.arclite-shop.de\/produkt\/73-28000920\/"},"modified":"2026-04-18T17:05:26","modified_gmt":"2026-04-18T15:05:26","slug":"73-28000920","status":"publish","type":"product","link":"https:\/\/www.arclite-shop.de\/it\/produkt\/73-28000920\/","title":{"rendered":"Modulo di controllo TRIDONIC basicDIM DGC 28000920"},"content":{"rendered":"<p>Kompakte Abmessungen f\u00fcr den Leuchteneinbau, F\u00fcr bis zu 20 DSI- oder DALI-Betriebsger\u00e4te (max. 10 pro Ausgangskanal), DALI IN Eingang, 2 DALI\/DSI Ausgangskan\u00e4le mit einstellbarem negativem Offset von Kanal 2 zu Kanal 1, 1 Relaisausgang, Sensor Eingang f\u00fcr den Anschluss von bis zu 4 basicDIM DGC Sensoren 5DPI 14, 2 Tastereing\u00e4nge zum Ein-\/Ausschalten und Dimmen, Individuelle Anpassung der Parameter \u00fcber basicDIM DGC Programmer oder der Software masterCONFIGURATOR, 5 Jahre Garantie<\/p>\n","protected":false},"excerpt":{"rendered":"<p>Kompakte Abmessungen f\u00fcr den Leuchteneinbau, F\u00fcr bis zu 20 DSI- oder DALI-Betriebsger\u00e4te (max. 10 pro Ausgangskanal), DALI IN Eingang, 2 DALI\/DSI Ausgangskan\u00e4le mit einstellbarem negativem Offset von Kanal 2 zu Kanal 1, 1 Relaisausgang, Sensor Eingang f\u00fcr den Anschluss von<span class=\"excerpt-hellip\"> [\u2026]<\/span><\/p>\n","protected":false},"featured_media":368637,"template":"","meta":[],"product_brand":[],"product_cat":[84959],"product_tag":[],"class_list":{"0":"post-342580","1":"product","2":"type-product","3":"status-publish","4":"has-post-thumbnail","6":"product_cat-lichtregelsystemkomponente","8":"first","9":"outofstock","10":"taxable","11":"shipping-taxable","12":"product-type-simple"},"_links":{"self":[{"href":"https:\/\/www.arclite-shop.de\/it\/wp-json\/wp\/v2\/product\/342580","targetHints":{"allow":["GET"]}}],"collection":[{"href":"https:\/\/www.arclite-shop.de\/it\/wp-json\/wp\/v2\/product"}],"about":[{"href":"https:\/\/www.arclite-shop.de\/it\/wp-json\/wp\/v2\/types\/product"}],"wp:featuredmedia":[{"embeddable":true,"href":"https:\/\/www.arclite-shop.de\/it\/wp-json\/wp\/v2\/media\/368637"}],"wp:attachment":[{"href":"https:\/\/www.arclite-shop.de\/it\/wp-json\/wp\/v2\/media?parent=342580"}],"wp:term":[{"taxonomy":"product_brand","embeddable":true,"href":"https:\/\/www.arclite-shop.de\/it\/wp-json\/wp\/v2\/product_brand?post=342580"},{"taxonomy":"product_cat","embeddable":true,"href":"https:\/\/www.arclite-shop.de\/it\/wp-json\/wp\/v2\/product_cat?post=342580"},{"taxonomy":"product_tag","embeddable":true,"href":"https:\/\/www.arclite-shop.de\/it\/wp-json\/wp\/v2\/product_tag?post=342580"}],"curies":[{"name":"wp","href":"https:\/\/api.w.org\/{rel}","templated":true}]}}