{"id":342574,"date":"2024-10-31T10:34:21","date_gmt":"2024-10-31T09:34:21","guid":{"rendered":"https:\/\/www.arclite-shop.de\/produkt\/73-28002330\/"},"modified":"2026-04-18T17:05:46","modified_gmt":"2026-04-18T15:05:46","slug":"73-28002330","status":"publish","type":"product","link":"https:\/\/www.arclite-shop.de\/it\/produkt\/73-28002330\/","title":{"rendered":"Celle per batterie TRIDONIC ACCU-LiFePO4  0Ah 6C CON 28002330"},"content":{"rendered":"<p>Hochtemperatur LiFePO4-Zellen f\u00fcr den Einsatz mit Notlichtger\u00e4ten, Bis zu 8 Jahren erwartete Lebensdauer, 3 Jahre Garantie ab Lieferdatum, Umweltfreundliche Technologie, Hohe Energiedichte, \u201eLow profile\u201c-Querschnitt mit abnehmbaren Endkappen, Hochtemperatur-Dauerbetrieb, Gute Ladeeigenschaften bei hoher Temperatur, Elektronisch geregeltes Temperaturmanagement, Hohe Energie-Aufrechterhaltung des geladenen Akkus, Lange Lagerf\u00e4higkeit, Integrierte Elektronik, Eingebaute Schutzfunktionen, Gepr\u00fcfter Qualit\u00e4tshersteller, In verschiedenen Konfigurationen, Einfacher Anschluss mit Stecksystem, Mit Befestigungskappen aus Polykarbonat, Geeignet f\u00fcr Notlichtbetriebsger\u00e4te gem\u00e4\u00df Norm IEC 60598-2-22<\/p>\n","protected":false},"excerpt":{"rendered":"<p>Hochtemperatur LiFePO4-Zellen f\u00fcr den Einsatz mit Notlichtger\u00e4ten, Bis zu 8 Jahren erwartete Lebensdauer, 3 Jahre Garantie ab Lieferdatum, Umweltfreundliche Technologie, Hohe Energiedichte, \u201eLow profile\u201c-Querschnitt mit abnehmbaren Endkappen, Hochtemperatur-Dauerbetrieb, Gute Ladeeigenschaften bei hoher Temperatur, Elektronisch geregeltes Temperaturmanagement, Hohe Energie-Aufrechterhaltung des geladenen<span class=\"excerpt-hellip\"> [\u2026]<\/span><\/p>\n","protected":false},"featured_media":368651,"template":"","meta":[],"product_brand":[],"product_cat":[85125],"product_tag":[],"class_list":{"0":"post-342574","1":"product","2":"type-product","3":"status-publish","4":"has-post-thumbnail","6":"product_cat-akku","8":"first","9":"instock","10":"taxable","11":"shipping-taxable","12":"product-type-simple"},"_links":{"self":[{"href":"https:\/\/www.arclite-shop.de\/it\/wp-json\/wp\/v2\/product\/342574","targetHints":{"allow":["GET"]}}],"collection":[{"href":"https:\/\/www.arclite-shop.de\/it\/wp-json\/wp\/v2\/product"}],"about":[{"href":"https:\/\/www.arclite-shop.de\/it\/wp-json\/wp\/v2\/types\/product"}],"wp:featuredmedia":[{"embeddable":true,"href":"https:\/\/www.arclite-shop.de\/it\/wp-json\/wp\/v2\/media\/368651"}],"wp:attachment":[{"href":"https:\/\/www.arclite-shop.de\/it\/wp-json\/wp\/v2\/media?parent=342574"}],"wp:term":[{"taxonomy":"product_brand","embeddable":true,"href":"https:\/\/www.arclite-shop.de\/it\/wp-json\/wp\/v2\/product_brand?post=342574"},{"taxonomy":"product_cat","embeddable":true,"href":"https:\/\/www.arclite-shop.de\/it\/wp-json\/wp\/v2\/product_cat?post=342574"},{"taxonomy":"product_tag","embeddable":true,"href":"https:\/\/www.arclite-shop.de\/it\/wp-json\/wp\/v2\/product_tag?post=342574"}],"curies":[{"name":"wp","href":"https:\/\/api.w.org\/{rel}","templated":true}]}}