{"id":342549,"date":"2024-10-31T10:34:07","date_gmt":"2024-10-31T09:34:07","guid":{"rendered":"https:\/\/www.arclite-shop.de\/produkt\/73-89800440\/"},"modified":"2026-04-18T17:07:47","modified_gmt":"2026-04-18T15:07:47","slug":"73-89800440","status":"publish","type":"product","link":"https:\/\/www.arclite-shop.de\/it\/produkt\/73-89800440\/","title":{"rendered":"Celle TRIDONIC Accu-NiMH 4Ah   CON 89800440"},"content":{"rendered":"<p>Hochtemperatur NiMH-Zellen f\u00fcr den Einsatz mit Notlichtger\u00e4ten, 4 Jahre erwartete Lebensdauer, 1 Jahr Garantie ab Lieferdatum, Cadmiumfrei, Hochtemperatur-Dauerbetrieb \u2013 abh\u00e4ngig vom verwendeten Notlichtbetriebsger\u00e4t (siehe entsprechendes Notlichtbetriebsger\u00e4t-Datenblatt), \u201eLow profile\u201c-Querschnitt 21 mm, Gute Ladeeigenschaften bei hoher Temperatur, Hohe Energie-Aufrechterhaltung des geladenen Akkus, Gepr\u00fcfter Qualit\u00e4tshersteller, In verschiedenen Konfigurationen, Einfacher Anschluss mit Stecksystem, Mit Befestigungskappen aus Polykarbonat, Geeignet f\u00fcr Notlichtbetriebsger\u00e4te gem\u00e4\u00df Norm IEC 60598-2-22<\/p>\n","protected":false},"excerpt":{"rendered":"<p>Hochtemperatur NiMH-Zellen f\u00fcr den Einsatz mit Notlichtger\u00e4ten, 4 Jahre erwartete Lebensdauer, 1 Jahr Garantie ab Lieferdatum, Cadmiumfrei, Hochtemperatur-Dauerbetrieb \u2013 abh\u00e4ngig vom verwendeten Notlichtbetriebsger\u00e4t (siehe entsprechendes Notlichtbetriebsger\u00e4t-Datenblatt), \u201eLow profile\u201c-Querschnitt 21 mm, Gute Ladeeigenschaften bei hoher Temperatur, Hohe Energie-Aufrechterhaltung des geladenen Akkus,<span class=\"excerpt-hellip\"> [\u2026]<\/span><\/p>\n","protected":false},"featured_media":368665,"template":"","meta":[],"product_brand":[],"product_cat":[85125],"product_tag":[],"class_list":{"0":"post-342549","1":"product","2":"type-product","3":"status-publish","4":"has-post-thumbnail","6":"product_cat-akku","8":"first","9":"instock","10":"taxable","11":"shipping-taxable","12":"product-type-simple"},"_links":{"self":[{"href":"https:\/\/www.arclite-shop.de\/it\/wp-json\/wp\/v2\/product\/342549","targetHints":{"allow":["GET"]}}],"collection":[{"href":"https:\/\/www.arclite-shop.de\/it\/wp-json\/wp\/v2\/product"}],"about":[{"href":"https:\/\/www.arclite-shop.de\/it\/wp-json\/wp\/v2\/types\/product"}],"wp:featuredmedia":[{"embeddable":true,"href":"https:\/\/www.arclite-shop.de\/it\/wp-json\/wp\/v2\/media\/368665"}],"wp:attachment":[{"href":"https:\/\/www.arclite-shop.de\/it\/wp-json\/wp\/v2\/media?parent=342549"}],"wp:term":[{"taxonomy":"product_brand","embeddable":true,"href":"https:\/\/www.arclite-shop.de\/it\/wp-json\/wp\/v2\/product_brand?post=342549"},{"taxonomy":"product_cat","embeddable":true,"href":"https:\/\/www.arclite-shop.de\/it\/wp-json\/wp\/v2\/product_cat?post=342549"},{"taxonomy":"product_tag","embeddable":true,"href":"https:\/\/www.arclite-shop.de\/it\/wp-json\/wp\/v2\/product_tag?post=342549"}],"curies":[{"name":"wp","href":"https:\/\/api.w.org\/{rel}","templated":true}]}}