{"id":342533,"date":"2024-10-31T10:33:59","date_gmt":"2024-10-31T09:33:59","guid":{"rendered":"https:\/\/www.arclite-shop.de\/produkt\/73-28003296\/"},"modified":"2026-04-18T17:08:30","modified_gmt":"2026-04-18T15:08:30","slug":"73-28003296","status":"publish","type":"product","link":"https:\/\/www.arclite-shop.de\/it\/produkt\/73-28003296\/","title":{"rendered":"TRIDONIC LED driver Costante Tensione LC 75 24V IP67 L EXC UNV 28003296"},"content":{"rendered":"<p>Konstantspannungs-LED-Treiber, Universaler Eingangsspannungsbereich, Max. Ausgangsleistung 75 W, Nominale Lebensdauer bis zu 50.000 h, 5 Jahre Garantie, Geh\u00e4use: Aluminium, grau, Schutzart IP67, Dry, Damp und Wet Umgebung, Vergossene Version: erh\u00f6hter Schutz gegen Korrosion, \u00dcbertemperaturschutz, \u00dcberlastschutz, Kurzschlussschutz, Leerlaufschutz<\/p>\n","protected":false},"excerpt":{"rendered":"<p>Konstantspannungs-LED-Treiber, Universaler Eingangsspannungsbereich, Max. Ausgangsleistung 75 W, Nominale Lebensdauer bis zu 50.000 h, 5 Jahre Garantie, Geh\u00e4use: Aluminium, grau, Schutzart IP67, Dry, Damp und Wet Umgebung, Vergossene Version: erh\u00f6hter Schutz gegen Korrosion, \u00dcbertemperaturschutz, \u00dcberlastschutz, Kurzschlussschutz, Leerlaufschutz<\/p>\n","protected":false},"featured_media":368677,"template":"","meta":[],"product_brand":[],"product_cat":[84631],"product_tag":[],"class_list":{"0":"post-342533","1":"product","2":"type-product","3":"status-publish","4":"has-post-thumbnail","6":"product_cat-led-betriebsgeraet","8":"first","9":"instock","10":"taxable","11":"shipping-taxable","12":"product-type-simple"},"_links":{"self":[{"href":"https:\/\/www.arclite-shop.de\/it\/wp-json\/wp\/v2\/product\/342533","targetHints":{"allow":["GET"]}}],"collection":[{"href":"https:\/\/www.arclite-shop.de\/it\/wp-json\/wp\/v2\/product"}],"about":[{"href":"https:\/\/www.arclite-shop.de\/it\/wp-json\/wp\/v2\/types\/product"}],"wp:featuredmedia":[{"embeddable":true,"href":"https:\/\/www.arclite-shop.de\/it\/wp-json\/wp\/v2\/media\/368677"}],"wp:attachment":[{"href":"https:\/\/www.arclite-shop.de\/it\/wp-json\/wp\/v2\/media?parent=342533"}],"wp:term":[{"taxonomy":"product_brand","embeddable":true,"href":"https:\/\/www.arclite-shop.de\/it\/wp-json\/wp\/v2\/product_brand?post=342533"},{"taxonomy":"product_cat","embeddable":true,"href":"https:\/\/www.arclite-shop.de\/it\/wp-json\/wp\/v2\/product_cat?post=342533"},{"taxonomy":"product_tag","embeddable":true,"href":"https:\/\/www.arclite-shop.de\/it\/wp-json\/wp\/v2\/product_tag?post=342533"}],"curies":[{"name":"wp","href":"https:\/\/api.w.org\/{rel}","templated":true}]}}