{"id":342430,"date":"2024-10-31T10:33:00","date_gmt":"2024-10-31T09:33:00","guid":{"rendered":"https:\/\/www.arclite-shop.de\/produkt\/73-28002830\/"},"modified":"2026-04-18T17:12:48","modified_gmt":"2026-04-18T15:12:48","slug":"73-28002830","status":"publish","type":"product","link":"https:\/\/www.arclite-shop.de\/it\/produkt\/73-28002830\/","title":{"rendered":"TRIDONIC LED driver a corrente costante LCA 85W 600-1800mA DT8 lp PRE 28002830"},"content":{"rendered":"<p>Dimmbarer Zweikanal DALI DT8 Konstantstrom-LED-Treiber f\u00fcr den Leuchteneinbau, Dimmbereich von 3 \u2013 100 %, Geeignet f\u00fcr Leuchten der Schutzklasse I und der Schutzklasse II (Details siehe Datenblatt Kapitel 3.4), Ausgangsstrom einstellbar zwischen 600 \u2013 1.800 mA f\u00fcr jeden Kanal mit I-SELECT 2 Plugs oder DALI, Max. Ausgangsleistung 85 W, Bis zu 90 % Effizienz, Leistungsaufnahme im Stand-by &lt; 0, 5 W, Nominale Lebensdauer bis zu 100.000 h, 5 Jahre Garantie, \u201eLow profile\u201c-Metallgeh\u00e4use mit wei\u00dfem Oberteil, Schutzart IP20, one4all (DALI DT8, DSI, switchDIM, corridorFUNCTION V2), colourSWITCH, Klemmen: 0\u00b0 Steckklemmen, Einstellbarer Ausgangsstrom in 1-mA-Schritten (DALI, I-SELECT 2), Constant Light Output Funktion (CLO), colourSWITCH mit vordefinierten Farbwerten, switchDIM und colourSWITCH mit Memory-Funktion, Power-up Fading und fade2zero, Konfigurieren \u00fcber DALI, Schutzfunktionen (\u00dcbertemperatur, Kurzschluss, \u00dcberlast, Leerlauf, reduzierte Sto\u00dfstromverst\u00e4rkung), Intelligent Voltage Guard (\u00dcberspannungs- und Unterspannungs\u00fcberwachung), Geeignet f\u00fcr Sicherheitsbeleuchtungsanlagen gem\u00e4\u00df EN 50172, Anwendungsorientiertes Betriebsfenster f\u00fcr max. Kompatibilit\u00e4t, Hohe Energieeinsparungen durch geringe Stand-by-Verluste, Flexible Konfiguration \u00fcber DALI und I-SELECT 2, F\u00fcr Linear- und Fl\u00e4chenbeleuchtung im B\u00fcro- und Gesundheitsbereich, Tunable-White Anwendungen<\/p>\n","protected":false},"excerpt":{"rendered":"<p>Dimmbarer Zweikanal DALI DT8 Konstantstrom-LED-Treiber f\u00fcr den Leuchteneinbau, Dimmbereich von 3 \u2013 100 %, Geeignet f\u00fcr Leuchten der Schutzklasse I und der Schutzklasse II (Details siehe Datenblatt Kapitel 3.4), Ausgangsstrom einstellbar zwischen 600 \u2013 1.800 mA f\u00fcr jeden Kanal mit<span class=\"excerpt-hellip\"> [\u2026]<\/span><\/p>\n","protected":false},"featured_media":368831,"template":"","meta":[],"product_brand":[],"product_cat":[84631],"product_tag":[],"class_list":{"0":"post-342430","1":"product","2":"type-product","3":"status-publish","4":"has-post-thumbnail","6":"product_cat-led-betriebsgeraet","8":"first","9":"instock","10":"taxable","11":"shipping-taxable","12":"product-type-simple"},"_links":{"self":[{"href":"https:\/\/www.arclite-shop.de\/it\/wp-json\/wp\/v2\/product\/342430","targetHints":{"allow":["GET"]}}],"collection":[{"href":"https:\/\/www.arclite-shop.de\/it\/wp-json\/wp\/v2\/product"}],"about":[{"href":"https:\/\/www.arclite-shop.de\/it\/wp-json\/wp\/v2\/types\/product"}],"wp:featuredmedia":[{"embeddable":true,"href":"https:\/\/www.arclite-shop.de\/it\/wp-json\/wp\/v2\/media\/368831"}],"wp:attachment":[{"href":"https:\/\/www.arclite-shop.de\/it\/wp-json\/wp\/v2\/media?parent=342430"}],"wp:term":[{"taxonomy":"product_brand","embeddable":true,"href":"https:\/\/www.arclite-shop.de\/it\/wp-json\/wp\/v2\/product_brand?post=342430"},{"taxonomy":"product_cat","embeddable":true,"href":"https:\/\/www.arclite-shop.de\/it\/wp-json\/wp\/v2\/product_cat?post=342430"},{"taxonomy":"product_tag","embeddable":true,"href":"https:\/\/www.arclite-shop.de\/it\/wp-json\/wp\/v2\/product_tag?post=342430"}],"curies":[{"name":"wp","href":"https:\/\/api.w.org\/{rel}","templated":true}]}}