{"id":342418,"date":"2024-10-31T10:32:52","date_gmt":"2024-10-31T09:32:52","guid":{"rendered":"https:\/\/www.arclite-shop.de\/produkt\/73-87500955\/"},"modified":"2026-04-18T17:13:06","modified_gmt":"2026-04-18T15:13:06","slug":"73-87500955","status":"publish","type":"product","link":"https:\/\/www.arclite-shop.de\/it\/produkt\/73-87500955\/","title":{"rendered":"TRIDONIC LED driver a corrente costante LC 21\/500\/42 fixC SRL ADV2 87500955"},"content":{"rendered":"<p>Fixed-Output LED-Treiber<br \/>\nKann als Leuchteneinbau oder unabh\u00e4ngiger LED-Treiber mit aufschnappbarer Zugentlastung verwendet werden (siehe Zubeh\u00f6r)<br \/>\nUnabh\u00e4ngiger LED-Treiber mit Kabelklemmen<br \/>\nF\u00fcr Leuchten der Schutzklasse I und der Schutzklasse II<br \/>\nTemperaturschutz gem\u00e4\u00df EN 61347-2-13 C5e<br \/>\nKonstantstrom-LED-Treiber<br \/>\nAusgangsstrom 500 mA<br \/>\nMax. Ausgangsleistung 21 W<br \/>\nNominale Lebensdauer bis zu 50.000 h<br \/>\n5 Jahre Garantie<\/p>\n","protected":false},"excerpt":{"rendered":"<p>Fixed-Output LED-Treiber Kann als Leuchteneinbau oder unabh\u00e4ngiger LED-Treiber mit aufschnappbarer Zugentlastung verwendet werden (siehe Zubeh\u00f6r) Unabh\u00e4ngiger LED-Treiber mit Kabelklemmen F\u00fcr Leuchten der Schutzklasse I und der Schutzklasse II Temperaturschutz gem\u00e4\u00df EN 61347-2-13 C5e Konstantstrom-LED-Treiber Ausgangsstrom 500 mA Max. Ausgangsleistung 21<span class=\"excerpt-hellip\"> [\u2026]<\/span><\/p>\n","protected":false},"featured_media":368847,"template":"","meta":[],"product_brand":[],"product_cat":[84631],"product_tag":[],"class_list":{"0":"post-342418","1":"product","2":"type-product","3":"status-publish","4":"has-post-thumbnail","6":"product_cat-led-betriebsgeraet","8":"first","9":"instock","10":"taxable","11":"shipping-taxable","12":"product-type-simple"},"_links":{"self":[{"href":"https:\/\/www.arclite-shop.de\/it\/wp-json\/wp\/v2\/product\/342418","targetHints":{"allow":["GET"]}}],"collection":[{"href":"https:\/\/www.arclite-shop.de\/it\/wp-json\/wp\/v2\/product"}],"about":[{"href":"https:\/\/www.arclite-shop.de\/it\/wp-json\/wp\/v2\/types\/product"}],"wp:featuredmedia":[{"embeddable":true,"href":"https:\/\/www.arclite-shop.de\/it\/wp-json\/wp\/v2\/media\/368847"}],"wp:attachment":[{"href":"https:\/\/www.arclite-shop.de\/it\/wp-json\/wp\/v2\/media?parent=342418"}],"wp:term":[{"taxonomy":"product_brand","embeddable":true,"href":"https:\/\/www.arclite-shop.de\/it\/wp-json\/wp\/v2\/product_brand?post=342418"},{"taxonomy":"product_cat","embeddable":true,"href":"https:\/\/www.arclite-shop.de\/it\/wp-json\/wp\/v2\/product_cat?post=342418"},{"taxonomy":"product_tag","embeddable":true,"href":"https:\/\/www.arclite-shop.de\/it\/wp-json\/wp\/v2\/product_tag?post=342418"}],"curies":[{"name":"wp","href":"https:\/\/api.w.org\/{rel}","templated":true}]}}