{"id":342340,"date":"2024-10-31T10:32:06","date_gmt":"2024-10-31T09:32:06","guid":{"rendered":"https:\/\/www.arclite-shop.de\/produkt\/73-28002413\/"},"modified":"2026-04-18T17:15:23","modified_gmt":"2026-04-18T15:15:23","slug":"73-28002413","status":"publish","type":"product","link":"https:\/\/www.arclite-shop.de\/it\/produkt\/73-28002413\/","title":{"rendered":"TRIDONIC LED driver corrente costante LC 25\/350-1050\/50 bDW SC PRE2 28002413"},"content":{"rendered":"<p>Dimmbarer Konstantstrom-LED-Treiber f\u00fcr den Leuchteneinbau, Kann als Leuchteneinbau oder unabh\u00e4ngiger LED-Treiber mit aufschnappbarer Zugentlastung verwendet werden (siehe Zubeh\u00f6r), Baut automatisch ein drahtloses Kommunikationsnetzwerk auf mit bis zu 250 Nodes, Ausgangsstrom einstellbar zwischen 350 \u2013 1.050 mA mit ready2mains Programmer oder I-SELECT 2 Plugs, Max. Ausgangsleistung 25 W, Bis zu 90 % Effizienz, Leistungsaufnahme im Stand-by &lt; 0, 37 W, Dimmbereich von 1 \u2013 100 %, F\u00fcr Leuchten der Schutzklasse I und der Schutzklasse II, Nominale Lebensdauer bis zu 100.000 h, 5 Jahre Garantie, Geh\u00e4use: Polycarbonat, wei\u00df, Schutzart IP20, basicDIM Wireless, ready2mains (Konfigurieren \u00fcber Netz), Klemmen: 45\u00b0 Steckklemmen, Einstellbarer Ausgangsstromin 1-mA-Schritten (ready2mains, I-SELECT 2), Constant Light Output Funktion (CLO), Power-up Fading bei AC, Konfigurieren \u00fcber ready2mains, Servicemonitor protokolliert bestimmte Ereignisse, Schutzfunktionen (\u00dcbertemperatur, Kurzschluss, \u00dcberlast, Leerlauf, Eingangsspannungsbereich, reduzierte Sto\u00dfstromverst\u00e4rkung), Intelligent Voltage Guard (\u00dcberspannungs- und Unterspannungs\u00fcberwachung), Geeignet f\u00fcr Sicherheitsbeleuchtungsanlagen gem\u00e4\u00df EN 50172, Anwendungsorientiertes Betriebsfenster f\u00fcr max. Kompatibilit\u00e4t, Hohe Energieeinsparungen durch geringe Stand-by-Verluste und hohe Effizienz, Flexible Konfiguration \u00fcber basicDIM Wireless, ready2mains und I-SELECT 2, F\u00fcr Linear- und Fl\u00e4chenbeleuchtung in B\u00fcroanwendungen<\/p>\n","protected":false},"excerpt":{"rendered":"<p>Dimmbarer Konstantstrom-LED-Treiber f\u00fcr den Leuchteneinbau, Kann als Leuchteneinbau oder unabh\u00e4ngiger LED-Treiber mit aufschnappbarer Zugentlastung verwendet werden (siehe Zubeh\u00f6r), Baut automatisch ein drahtloses Kommunikationsnetzwerk auf mit bis zu 250 Nodes, Ausgangsstrom einstellbar zwischen 350 \u2013 1.050 mA mit ready2mains Programmer oder<span class=\"excerpt-hellip\"> [\u2026]<\/span><\/p>\n","protected":false},"featured_media":368965,"template":"","meta":[],"product_brand":[],"product_cat":[84631],"product_tag":[],"class_list":{"0":"post-342340","1":"product","2":"type-product","3":"status-publish","4":"has-post-thumbnail","6":"product_cat-led-betriebsgeraet","8":"first","9":"instock","10":"taxable","11":"shipping-taxable","12":"product-type-simple"},"_links":{"self":[{"href":"https:\/\/www.arclite-shop.de\/it\/wp-json\/wp\/v2\/product\/342340","targetHints":{"allow":["GET"]}}],"collection":[{"href":"https:\/\/www.arclite-shop.de\/it\/wp-json\/wp\/v2\/product"}],"about":[{"href":"https:\/\/www.arclite-shop.de\/it\/wp-json\/wp\/v2\/types\/product"}],"wp:featuredmedia":[{"embeddable":true,"href":"https:\/\/www.arclite-shop.de\/it\/wp-json\/wp\/v2\/media\/368965"}],"wp:attachment":[{"href":"https:\/\/www.arclite-shop.de\/it\/wp-json\/wp\/v2\/media?parent=342340"}],"wp:term":[{"taxonomy":"product_brand","embeddable":true,"href":"https:\/\/www.arclite-shop.de\/it\/wp-json\/wp\/v2\/product_brand?post=342340"},{"taxonomy":"product_cat","embeddable":true,"href":"https:\/\/www.arclite-shop.de\/it\/wp-json\/wp\/v2\/product_cat?post=342340"},{"taxonomy":"product_tag","embeddable":true,"href":"https:\/\/www.arclite-shop.de\/it\/wp-json\/wp\/v2\/product_tag?post=342340"}],"curies":[{"name":"wp","href":"https:\/\/api.w.org\/{rel}","templated":true}]}}