{"id":342141,"date":"2024-10-31T10:30:12","date_gmt":"2024-10-31T09:30:12","guid":{"rendered":"https:\/\/www.arclite-shop.de\/produkt\/73-28000815\/"},"modified":"2026-04-18T17:20:55","modified_gmt":"2026-04-18T15:20:55","slug":"73-28000815","status":"publish","type":"product","link":"https:\/\/www.arclite-shop.de\/it\/produkt\/73-28000815\/","title":{"rendered":"TRIDONIC LED driver a tensione costante LCU 48V  W DC-STR DIM lp 28000815"},"content":{"rendered":"<p>Dimmbarer DC-String-Konstantspannungs-LED-Treiber f\u00fcr den Leuchteneinbau, Kompatibel mit anderen DC-String Komponenten, Integrierte DALI zu DC Powerline Kommunikation (PLC), one4all interface (corridorFUNCTION, switchDIM, DALI, DSI), Max. Ausgangsleistung 75 W, Bis zu 91 % Effizienz, Nominale Lebensdauer bis zu 50.000 h, F\u00fcr Leuchten der Schutzklasse I und der Schutzklasse II, Temperaturschutz gem\u00e4\u00df EN 61347-2-13 C5e, 5 Jahre Garantie, \u201eLow profile\u201c-Metallgeh\u00e4use mit wei\u00dfem Oberteil, Schutzart IP20, DC-String kompatibel, Intelligent Temperature Guard (thermische Schutzvorrichtung), Kurzschlussschutz, \u00dcberlastschutz<\/p>\n","protected":false},"excerpt":{"rendered":"<p>Dimmbarer DC-String-Konstantspannungs-LED-Treiber f\u00fcr den Leuchteneinbau, Kompatibel mit anderen DC-String Komponenten, Integrierte DALI zu DC Powerline Kommunikation (PLC), one4all interface (corridorFUNCTION, switchDIM, DALI, DSI), Max. Ausgangsleistung 75 W, Bis zu 91 % Effizienz, Nominale Lebensdauer bis zu 50.000 h, F\u00fcr Leuchten<span class=\"excerpt-hellip\"> [\u2026]<\/span><\/p>\n","protected":false},"featured_media":369175,"template":"","meta":[],"product_brand":[],"product_cat":[84631],"product_tag":[],"class_list":{"0":"post-342141","1":"product","2":"type-product","3":"status-publish","4":"has-post-thumbnail","6":"product_cat-led-betriebsgeraet","8":"first","9":"instock","10":"taxable","11":"shipping-taxable","12":"product-type-simple"},"_links":{"self":[{"href":"https:\/\/www.arclite-shop.de\/it\/wp-json\/wp\/v2\/product\/342141","targetHints":{"allow":["GET"]}}],"collection":[{"href":"https:\/\/www.arclite-shop.de\/it\/wp-json\/wp\/v2\/product"}],"about":[{"href":"https:\/\/www.arclite-shop.de\/it\/wp-json\/wp\/v2\/types\/product"}],"wp:featuredmedia":[{"embeddable":true,"href":"https:\/\/www.arclite-shop.de\/it\/wp-json\/wp\/v2\/media\/369175"}],"wp:attachment":[{"href":"https:\/\/www.arclite-shop.de\/it\/wp-json\/wp\/v2\/media?parent=342141"}],"wp:term":[{"taxonomy":"product_brand","embeddable":true,"href":"https:\/\/www.arclite-shop.de\/it\/wp-json\/wp\/v2\/product_brand?post=342141"},{"taxonomy":"product_cat","embeddable":true,"href":"https:\/\/www.arclite-shop.de\/it\/wp-json\/wp\/v2\/product_cat?post=342141"},{"taxonomy":"product_tag","embeddable":true,"href":"https:\/\/www.arclite-shop.de\/it\/wp-json\/wp\/v2\/product_tag?post=342141"}],"curies":[{"name":"wp","href":"https:\/\/api.w.org\/{rel}","templated":true}]}}